{"id":31873,"date":"2023-12-04T07:28:47","date_gmt":"2023-12-04T04:28:47","guid":{"rendered":"https:\/\/vidzeme.testeris.lv\/?page_id=31873"},"modified":"2025-12-16T17:24:13","modified_gmt":"2025-12-16T14:24:13","slug":"territory","status":"publish","type":"page","link":"https:\/\/www.vidzeme.lv\/en\/territory\/","title":{"rendered":"Territory"},"content":{"rendered":"<div class=\"wpb-content-wrapper\"><p>[vc_row][vc_column]<div class='vc-heading' id=''><h2 id=\"vidzeme-in-numbers\">Vidzeme in Numbers<\/h2><\/div>[\/vc_column][\/vc_row][vc_row][vc_column]<div class='vc-content vc-paragraph' id=''><p>The Vidzeme Planning Region is the largest planning region in Latvia in terms of territory, covering nearly one-third (19 204.77 km\u00b2 or 30.6%) of the country. The Vidzeme Region is classified as a NUTS 3 level region.<\/p><\/div>[\/vc_column][\/vc_row][vc_row][vc_column width=&#8221;1\/2&#8243;]<div class='vc-highlighted-text' id=''><p>The Vidzeme Planning Region encompasses 10 municipalities:<\/p>\n<ul>\n<li>Al\u016bksne Municipality<\/li>\n<li>C\u0113sis Municipality<\/li>\n<li>Gulbene Municipality<\/li>\n<li>Limba\u017ei Municipality<\/li>\n<li>Madona Municipality<\/li>\n<li>Ogre Municipality<\/li>\n<li>Saulkrasti Municipality<\/li>\n<li>Smiltene Municipality<\/li>\n<li>Valmiera Municipality<\/li>\n<li>Valka Municipality<\/li>\n<\/ul>\n<p><\/p><\/div>[\/vc_column][vc_column width=&#8221;1\/2&#8243;]<div class=\"article-image gallery border-round image-70c600390d1ba206467a822482fa71c8\"><img loading=\"lazy\" decoding=\"async\" width=\"655\" height=\"378\" src=\"https:\/\/www.vidzeme.lv\/wp-content\/uploads\/2025\/07\/featured_image_VPR.png\" class=\" gallery-main-image\" alt=\"\" data-id=\"vc-gallery70c600390d1ba206467a822482fa71c8\" tabindex=\"0\" srcset=\"https:\/\/www.vidzeme.lv\/wp-content\/uploads\/2025\/07\/featured_image_VPR.png 655w, https:\/\/www.vidzeme.lv\/wp-content\/uploads\/2025\/07\/featured_image_VPR-300x173.png 300w\" sizes=\"auto, (max-width: 655px) 100vw, 655px\" \/><\/div><p class=\"image-caption\"><\/p>[\/vc_column][\/vc_row][vc_row][vc_column]<div class='vc-content vc-paragraph' id=''><p>The region is home to approximately 274 019 residents, accounting for 14.7% of Latvia&#8217;s total population (according to the Central Statistical Bureau of Latvia, 2025). At the same time, Vidzeme has the lowest population density in Latvia, with 14 people per km\u00b2 (compared to the national average of 30 people per km\u00b2).<\/p><\/div>[\/vc_column][\/vc_row][vc_row][vc_column]<div class='vc-heading' id=''><h2 id=\"nature-and-sustainability\">Nature and Sustainability<\/h2><\/div>[\/vc_column][\/vc_row][vc_row][vc_column]<div class='vc-content vc-paragraph' id=''><p>The Vidzeme Planning Region is rich in bioresources (soil, water, etc.), with forests covering 56,7% of its territory. The region is characterized by high environmental quality, balanced ecosystems, and relatively low levels of pollution. These factors contribute to a high-quality living environment and create favorable conditions for regional development.<\/p>\n<p>Within the Vidzeme Planning Region, particularly in and around the Gauja National Park, the <a rel=\"nofollow\" href=\"https:\/\/bioregions.lv\/en\/\">first bioregion in Latvia<\/a> and the Baltics is being developed. A bioregion is an area where economic activities are carried out in accordance with organic and environmentally friendly principles, along with the implementation of sustainable resource management practices.<\/p><\/div>[\/vc_column][\/vc_row][vc_row][vc_column]<div class=\"article-image gallery border-round image-3bb06709d877ae89b3d8ba512e49618f\"><img loading=\"lazy\" decoding=\"async\" width=\"3200\" height=\"2132\" src=\"https:\/\/www.vidzeme.lv\/wp-content\/uploads\/2024\/11\/kristaps-ungurs-gI7tHTLJc9E-unsplash.png\" class=\" gallery-main-image\" alt=\"territory\" data-id=\"vc-gallery3bb06709d877ae89b3d8ba512e49618f\" tabindex=\"0\" srcset=\"https:\/\/www.vidzeme.lv\/wp-content\/uploads\/2024\/11\/kristaps-ungurs-gI7tHTLJc9E-unsplash.png 3200w, https:\/\/www.vidzeme.lv\/wp-content\/uploads\/2024\/11\/kristaps-ungurs-gI7tHTLJc9E-unsplash-300x200.png 300w, https:\/\/www.vidzeme.lv\/wp-content\/uploads\/2024\/11\/kristaps-ungurs-gI7tHTLJc9E-unsplash-1024x682.png 1024w, https:\/\/www.vidzeme.lv\/wp-content\/uploads\/2024\/11\/kristaps-ungurs-gI7tHTLJc9E-unsplash-768x512.png 768w, https:\/\/www.vidzeme.lv\/wp-content\/uploads\/2024\/11\/kristaps-ungurs-gI7tHTLJc9E-unsplash-1536x1023.png 1536w, https:\/\/www.vidzeme.lv\/wp-content\/uploads\/2024\/11\/kristaps-ungurs-gI7tHTLJc9E-unsplash-2048x1364.png 2048w, https:\/\/www.vidzeme.lv\/wp-content\/uploads\/2024\/11\/kristaps-ungurs-gI7tHTLJc9E-unsplash-1320x879.png 1320w\" sizes=\"auto, (max-width: 3200px) 100vw, 3200px\" \/><\/div><p class=\"image-caption\">Gauja \u2013 Latvia's longest river, originating in Vidzeme<\/p>[\/vc_column][\/vc_row][vc_row][vc_column]<div class='vc-heading' id=''><h2 id=\"economic-growth-and-development\">Economic Growth and Development<\/h2><\/div>[\/vc_column][\/vc_row][vc_row][vc_column]<div class='vc-content vc-paragraph' id=''><p>The Vidzeme Planning Region boasts a dynamic economic environment where the development of traditional industries intertwines with modern technologies and innovations. The focus is on creating high added value in business processes, products, and services. The region hosts several business support organizations, including the <a rel=\"nofollow\" href=\"https:\/\/va.lv\/en\/innovation\">Vidzeme Open Innovation Hub<\/a>, <a rel=\"nofollow\" href=\"https:\/\/business.vidzeme.lv\/en\">Vidzeme Entrepreneurship\u00a0Centre<\/a>, regional representations of the Investment and Development Agency of Latvia (LIAA), the European Digital Innovation Hub, and others.<\/p>\n<p><a rel=\"nofollow\" href=\"https:\/\/www.va.lv\/en\/\">Vidzeme University of Applied Sciences<\/a> (Vidzemes Augstskola) plays a significant role in regional growth. In addition to offering a wide range of bachelor\u2019s and master\u2019s degree programs, it provides lifelong learning opportunities and collaborates successfully with companies across various industries. Its research activities contribute academic solutions to practical challenges, thereby enhancing the competitiveness of local businesses on both national and international levels.<\/p>\n<p>Vidzeme aims to achieve higher productivity and create more valuable products. Therefore, the region\u2019s economic transformation is strategically directed toward higher added value, increased productivity, and more efficient use of resources.<\/p><\/div>[\/vc_column][\/vc_row][vc_row][vc_column]<div class=\"article-image gallery border-round image-f99f4b908f8e213b246707d49eea9867\"><img loading=\"lazy\" decoding=\"async\" width=\"2560\" height=\"1706\" src=\"https:\/\/www.vidzeme.lv\/wp-content\/uploads\/2024\/11\/MG_4388-1-scaled.jpg\" class=\" gallery-main-image\" alt=\"territory\" data-id=\"vc-galleryf99f4b908f8e213b246707d49eea9867\" tabindex=\"0\" srcset=\"https:\/\/www.vidzeme.lv\/wp-content\/uploads\/2024\/11\/MG_4388-1-scaled.jpg 2560w, https:\/\/www.vidzeme.lv\/wp-content\/uploads\/2024\/11\/MG_4388-1-300x200.jpg 300w, https:\/\/www.vidzeme.lv\/wp-content\/uploads\/2024\/11\/MG_4388-1-1024x683.jpg 1024w, https:\/\/www.vidzeme.lv\/wp-content\/uploads\/2024\/11\/MG_4388-1-768x512.jpg 768w, https:\/\/www.vidzeme.lv\/wp-content\/uploads\/2024\/11\/MG_4388-1-1536x1024.jpg 1536w, https:\/\/www.vidzeme.lv\/wp-content\/uploads\/2024\/11\/MG_4388-1-2048x1365.jpg 2048w, https:\/\/www.vidzeme.lv\/wp-content\/uploads\/2024\/11\/MG_4388-1-1320x880.jpg 1320w\" sizes=\"auto, (max-width: 2560px) 100vw, 2560px\" \/><\/div><p class=\"image-caption\">LVM Podi\u0146i Nursery<\/p>[\/vc_column][\/vc_row][vc_row][vc_column]<div class='vc-heading' id=''><h2 id=\"transport-infrastructure\">Transport Infrastructure<\/h2><\/div>[\/vc_column][\/vc_row][vc_row][vc_column]<div class='vc-content vc-paragraph' id=''><p>The region holds a strategically important geographical position: Vidzeme is a border region of the European Union with access to the Baltic Sea. Several significant international transport corridors pass through Vidzeme, including TEN-T (Trans-European Transport Network), Via Hanseatica, Via Baltica, and Rail Baltica. These corridors form strategic development zones essential for the integration of the Baltic Sea region.<\/p>\n<p>Thanks to its geographical location and functional connections, the Vidzeme Planning Region is closely linked with the Riga Planning Region, maintaining strong ties to the capital as the national administrative center and transport hub.<\/p><\/div>[\/vc_column][\/vc_row][vc_row][vc_column]<div class=\"article-image gallery border-round image-18e466b26a5dc65fb80b2eb5a3fe6208\"><img loading=\"lazy\" decoding=\"async\" width=\"1255\" height=\"836\" src=\"https:\/\/www.vidzeme.lv\/wp-content\/uploads\/2024\/11\/iStock-1247029238.jpg\" class=\" gallery-main-image\" alt=\"territory\" data-id=\"vc-gallery18e466b26a5dc65fb80b2eb5a3fe6208\" tabindex=\"0\" srcset=\"https:\/\/www.vidzeme.lv\/wp-content\/uploads\/2024\/11\/iStock-1247029238.jpg 1255w, https:\/\/www.vidzeme.lv\/wp-content\/uploads\/2024\/11\/iStock-1247029238-300x200.jpg 300w, https:\/\/www.vidzeme.lv\/wp-content\/uploads\/2024\/11\/iStock-1247029238-1024x682.jpg 1024w, https:\/\/www.vidzeme.lv\/wp-content\/uploads\/2024\/11\/iStock-1247029238-768x512.jpg 768w\" sizes=\"auto, (max-width: 1255px) 100vw, 1255px\" \/><\/div><p class=\"image-caption\">The Road \u2013 The Foundation of Development and Movement.<\/p>[\/vc_column][\/vc_row]<\/p>\n<\/div>","protected":false},"excerpt":{"rendered":"<p>[vc_row][vc_column][\/vc_column][\/vc_row][vc_row][vc_column][\/vc_column][\/vc_row][vc_row][vc_column width=&#8221;1\/2&#8243;][\/vc_column][vc_column width=&#8221;1\/2&#8243;][\/vc_column][\/vc_row][vc_row][vc_column][\/vc_column][\/vc_row][vc_row][vc_column][\/vc_column][\/vc_row][vc_row][vc_column][\/vc_column][\/vc_row][vc_row][vc_column][\/vc_column][\/vc_row][vc_row][vc_column][\/vc_column][\/vc_row][vc_row][vc_column][\/vc_column][\/vc_row][vc_row][vc_column][\/vc_column][\/vc_row][vc_row][vc_column][\/vc_column][\/vc_row][vc_row][vc_column][\/vc_column][\/vc_row][vc_row][vc_column][\/vc_column][\/vc_row]<\/p>\n","protected":false},"author":4,"featured_media":0,"parent":0,"menu_order":0,"comment_status":"closed","ping_status":"closed","template":"page-without-sharing.php","meta":{"_acf_changed":false,"footnotes":""},"class_list":["post-31873","page","type-page","status-publish","hentry"],"acf":[],"yoast_head":"<!-- This site is optimized with the Yoast SEO plugin v25.6 - https:\/\/yoast.com\/wordpress\/plugins\/seo\/ -->\n<title>Territory - Vidzemes pl\u0101no\u0161anas re\u0123ions<\/title>\n<meta name=\"description\" content=\"[vc_row][vc_column][\/vc_column][\/vc_row][vc_row][vc_column][\/vc_column][\/vc_row][vc_row][vc_column width=&#8221;1\/2&#8243;][\/vc_column][vc_column width=&#8221;1\/2&#8243;][\/vc_column][\/vc_row][vc_row][vc_column][\/vc_column][\/vc_row][vc_row][vc_column][\/vc_column][\/vc_row][vc_row][vc_column][\/vc_column][\/vc_row][vc_row][vc_column][\/vc_column][\/vc_row][vc_row][vc_column][\/vc_column][\/vc_row][vc_row][vc_column][\/vc_column][\/vc_row][vc_row][vc_column][\/vc_column][\/vc_row][vc_row][vc_column][\/vc_column][\/vc_row][vc_row][vc_column][\/vc_column][\/vc_row][vc_row][vc_column][\/vc_column][\/vc_row]\" \/>\n<meta name=\"robots\" content=\"index, follow, max-snippet:-1, max-image-preview:large, max-video-preview:-1\" \/>\n<link rel=\"canonical\" href=\"https:\/\/www.vidzeme.lv\/en\/territory\/\" \/>\n<meta property=\"og:locale\" content=\"en_US\" \/>\n<meta property=\"og:type\" content=\"article\" \/>\n<meta property=\"og:title\" content=\"Territory - Vidzemes pl\u0101no\u0161anas re\u0123ions\" \/>\n<meta property=\"og:description\" content=\"[vc_row][vc_column][\/vc_column][\/vc_row][vc_row][vc_column][\/vc_column][\/vc_row][vc_row][vc_column width=&#8221;1\/2&#8243;][\/vc_column][vc_column width=&#8221;1\/2&#8243;][\/vc_column][\/vc_row][vc_row][vc_column][\/vc_column][\/vc_row][vc_row][vc_column][\/vc_column][\/vc_row][vc_row][vc_column][\/vc_column][\/vc_row][vc_row][vc_column][\/vc_column][\/vc_row][vc_row][vc_column][\/vc_column][\/vc_row][vc_row][vc_column][\/vc_column][\/vc_row][vc_row][vc_column][\/vc_column][\/vc_row][vc_row][vc_column][\/vc_column][\/vc_row][vc_row][vc_column][\/vc_column][\/vc_row][vc_row][vc_column][\/vc_column][\/vc_row]\" \/>\n<meta property=\"og:url\" content=\"https:\/\/www.vidzeme.lv\/en\/territory\/\" \/>\n<meta property=\"og:site_name\" content=\"Vidzemes pl\u0101no\u0161anas re\u0123ions\" \/>\n<meta property=\"article:modified_time\" content=\"2025-12-16T14:24:13+00:00\" \/>\n<meta name=\"twitter:card\" content=\"summary_large_image\" \/>\n<meta name=\"twitter:label1\" content=\"Est. reading time\" \/>\n\t<meta name=\"twitter:data1\" content=\"3 minutes\" \/>\n<script type=\"application\/ld+json\" class=\"yoast-schema-graph\">{\"@context\":\"https:\/\/schema.org\",\"@graph\":[{\"@type\":\"WebPage\",\"@id\":\"https:\/\/www.vidzeme.lv\/en\/territory\/\",\"url\":\"https:\/\/www.vidzeme.lv\/en\/territory\/\",\"name\":\"Territory - Vidzemes pl\u0101no\u0161anas re\u0123ions\",\"isPartOf\":{\"@id\":\"https:\/\/www.vidzeme.lv\/en\/#website\"},\"datePublished\":\"2023-12-04T04:28:47+00:00\",\"dateModified\":\"2025-12-16T14:24:13+00:00\",\"description\":\"[vc_row][vc_column][\/vc_column][\/vc_row][vc_row][vc_column][\/vc_column][\/vc_row][vc_row][vc_column width=&#8221;1\/2&#8243;][\/vc_column][vc_column width=&#8221;1\/2&#8243;][\/vc_column][\/vc_row][vc_row][vc_column][\/vc_column][\/vc_row][vc_row][vc_column][\/vc_column][\/vc_row][vc_row][vc_column][\/vc_column][\/vc_row][vc_row][vc_column][\/vc_column][\/vc_row][vc_row][vc_column][\/vc_column][\/vc_row][vc_row][vc_column][\/vc_column][\/vc_row][vc_row][vc_column][\/vc_column][\/vc_row][vc_row][vc_column][\/vc_column][\/vc_row][vc_row][vc_column][\/vc_column][\/vc_row][vc_row][vc_column][\/vc_column][\/vc_row]\",\"breadcrumb\":{\"@id\":\"https:\/\/www.vidzeme.lv\/en\/territory\/#breadcrumb\"},\"inLanguage\":\"en-US\",\"potentialAction\":[{\"@type\":\"ReadAction\",\"target\":[\"https:\/\/www.vidzeme.lv\/en\/territory\/\"]}]},{\"@type\":\"BreadcrumbList\",\"@id\":\"https:\/\/www.vidzeme.lv\/en\/territory\/#breadcrumb\",\"itemListElement\":[{\"@type\":\"ListItem\",\"position\":1,\"name\":\"Home\",\"item\":\"https:\/\/www.vidzeme.lv\/en\/\"},{\"@type\":\"ListItem\",\"position\":2,\"name\":\"Territory\"}]},{\"@type\":\"WebSite\",\"@id\":\"https:\/\/www.vidzeme.lv\/en\/#website\",\"url\":\"https:\/\/www.vidzeme.lv\/en\/\",\"name\":\"Vidzeme\",\"description\":\"Vidzemes pl\u0101no\u0161anas re\u0123ions\",\"publisher\":{\"@id\":\"https:\/\/www.vidzeme.lv\/en\/#organization\"},\"potentialAction\":[{\"@type\":\"SearchAction\",\"target\":{\"@type\":\"EntryPoint\",\"urlTemplate\":\"https:\/\/www.vidzeme.lv\/en\/?s={search_term_string}\"},\"query-input\":{\"@type\":\"PropertyValueSpecification\",\"valueRequired\":true,\"valueName\":\"search_term_string\"}}],\"inLanguage\":\"en-US\"},{\"@type\":\"Organization\",\"@id\":\"https:\/\/www.vidzeme.lv\/en\/#organization\",\"name\":\"Vidzemes pl\u0101no\u0161anas re\u0123ions\",\"url\":\"https:\/\/www.vidzeme.lv\/en\/\",\"logo\":{\"@type\":\"ImageObject\",\"inLanguage\":\"en-US\",\"@id\":\"https:\/\/www.vidzeme.lv\/en\/#\/schema\/logo\/image\/\",\"url\":\"https:\/\/www.vidzeme.lv\/wp-content\/uploads\/2023\/05\/logo.png\",\"contentUrl\":\"https:\/\/www.vidzeme.lv\/wp-content\/uploads\/2023\/05\/logo.png\",\"width\":291,\"height\":186,\"caption\":\"Vidzemes pl\u0101no\u0161anas re\u0123ions\"},\"image\":{\"@id\":\"https:\/\/www.vidzeme.lv\/en\/#\/schema\/logo\/image\/\"}}]}<\/script>\n<!-- \/ Yoast SEO plugin. -->","yoast_head_json":{"title":"Territory - Vidzemes pl\u0101no\u0161anas re\u0123ions","description":"[vc_row][vc_column][\/vc_column][\/vc_row][vc_row][vc_column][\/vc_column][\/vc_row][vc_row][vc_column width=&#8221;1\/2&#8243;][\/vc_column][vc_column width=&#8221;1\/2&#8243;][\/vc_column][\/vc_row][vc_row][vc_column][\/vc_column][\/vc_row][vc_row][vc_column][\/vc_column][\/vc_row][vc_row][vc_column][\/vc_column][\/vc_row][vc_row][vc_column][\/vc_column][\/vc_row][vc_row][vc_column][\/vc_column][\/vc_row][vc_row][vc_column][\/vc_column][\/vc_row][vc_row][vc_column][\/vc_column][\/vc_row][vc_row][vc_column][\/vc_column][\/vc_row][vc_row][vc_column][\/vc_column][\/vc_row][vc_row][vc_column][\/vc_column][\/vc_row]","robots":{"index":"index","follow":"follow","max-snippet":"max-snippet:-1","max-image-preview":"max-image-preview:large","max-video-preview":"max-video-preview:-1"},"canonical":"https:\/\/www.vidzeme.lv\/en\/territory\/","og_locale":"en_US","og_type":"article","og_title":"Territory - Vidzemes pl\u0101no\u0161anas re\u0123ions","og_description":"[vc_row][vc_column][\/vc_column][\/vc_row][vc_row][vc_column][\/vc_column][\/vc_row][vc_row][vc_column width=&#8221;1\/2&#8243;][\/vc_column][vc_column width=&#8221;1\/2&#8243;][\/vc_column][\/vc_row][vc_row][vc_column][\/vc_column][\/vc_row][vc_row][vc_column][\/vc_column][\/vc_row][vc_row][vc_column][\/vc_column][\/vc_row][vc_row][vc_column][\/vc_column][\/vc_row][vc_row][vc_column][\/vc_column][\/vc_row][vc_row][vc_column][\/vc_column][\/vc_row][vc_row][vc_column][\/vc_column][\/vc_row][vc_row][vc_column][\/vc_column][\/vc_row][vc_row][vc_column][\/vc_column][\/vc_row][vc_row][vc_column][\/vc_column][\/vc_row]","og_url":"https:\/\/www.vidzeme.lv\/en\/territory\/","og_site_name":"Vidzemes pl\u0101no\u0161anas re\u0123ions","article_modified_time":"2025-12-16T14:24:13+00:00","twitter_card":"summary_large_image","twitter_misc":{"Est. reading time":"3 minutes"},"schema":{"@context":"https:\/\/schema.org","@graph":[{"@type":"WebPage","@id":"https:\/\/www.vidzeme.lv\/en\/territory\/","url":"https:\/\/www.vidzeme.lv\/en\/territory\/","name":"Territory - Vidzemes pl\u0101no\u0161anas re\u0123ions","isPartOf":{"@id":"https:\/\/www.vidzeme.lv\/en\/#website"},"datePublished":"2023-12-04T04:28:47+00:00","dateModified":"2025-12-16T14:24:13+00:00","description":"[vc_row][vc_column][\/vc_column][\/vc_row][vc_row][vc_column][\/vc_column][\/vc_row][vc_row][vc_column width=&#8221;1\/2&#8243;][\/vc_column][vc_column width=&#8221;1\/2&#8243;][\/vc_column][\/vc_row][vc_row][vc_column][\/vc_column][\/vc_row][vc_row][vc_column][\/vc_column][\/vc_row][vc_row][vc_column][\/vc_column][\/vc_row][vc_row][vc_column][\/vc_column][\/vc_row][vc_row][vc_column][\/vc_column][\/vc_row][vc_row][vc_column][\/vc_column][\/vc_row][vc_row][vc_column][\/vc_column][\/vc_row][vc_row][vc_column][\/vc_column][\/vc_row][vc_row][vc_column][\/vc_column][\/vc_row][vc_row][vc_column][\/vc_column][\/vc_row]","breadcrumb":{"@id":"https:\/\/www.vidzeme.lv\/en\/territory\/#breadcrumb"},"inLanguage":"en-US","potentialAction":[{"@type":"ReadAction","target":["https:\/\/www.vidzeme.lv\/en\/territory\/"]}]},{"@type":"BreadcrumbList","@id":"https:\/\/www.vidzeme.lv\/en\/territory\/#breadcrumb","itemListElement":[{"@type":"ListItem","position":1,"name":"Home","item":"https:\/\/www.vidzeme.lv\/en\/"},{"@type":"ListItem","position":2,"name":"Territory"}]},{"@type":"WebSite","@id":"https:\/\/www.vidzeme.lv\/en\/#website","url":"https:\/\/www.vidzeme.lv\/en\/","name":"Vidzeme","description":"Vidzemes pl\u0101no\u0161anas re\u0123ions","publisher":{"@id":"https:\/\/www.vidzeme.lv\/en\/#organization"},"potentialAction":[{"@type":"SearchAction","target":{"@type":"EntryPoint","urlTemplate":"https:\/\/www.vidzeme.lv\/en\/?s={search_term_string}"},"query-input":{"@type":"PropertyValueSpecification","valueRequired":true,"valueName":"search_term_string"}}],"inLanguage":"en-US"},{"@type":"Organization","@id":"https:\/\/www.vidzeme.lv\/en\/#organization","name":"Vidzemes pl\u0101no\u0161anas re\u0123ions","url":"https:\/\/www.vidzeme.lv\/en\/","logo":{"@type":"ImageObject","inLanguage":"en-US","@id":"https:\/\/www.vidzeme.lv\/en\/#\/schema\/logo\/image\/","url":"https:\/\/www.vidzeme.lv\/wp-content\/uploads\/2023\/05\/logo.png","contentUrl":"https:\/\/www.vidzeme.lv\/wp-content\/uploads\/2023\/05\/logo.png","width":291,"height":186,"caption":"Vidzemes pl\u0101no\u0161anas re\u0123ions"},"image":{"@id":"https:\/\/www.vidzeme.lv\/en\/#\/schema\/logo\/image\/"}}]}},"_links":{"self":[{"href":"https:\/\/www.vidzeme.lv\/en\/wp-json\/wp\/v2\/pages\/31873","targetHints":{"allow":["GET"]}}],"collection":[{"href":"https:\/\/www.vidzeme.lv\/en\/wp-json\/wp\/v2\/pages"}],"about":[{"href":"https:\/\/www.vidzeme.lv\/en\/wp-json\/wp\/v2\/types\/page"}],"author":[{"embeddable":true,"href":"https:\/\/www.vidzeme.lv\/en\/wp-json\/wp\/v2\/users\/4"}],"replies":[{"embeddable":true,"href":"https:\/\/www.vidzeme.lv\/en\/wp-json\/wp\/v2\/comments?post=31873"}],"version-history":[{"count":8,"href":"https:\/\/www.vidzeme.lv\/en\/wp-json\/wp\/v2\/pages\/31873\/revisions"}],"predecessor-version":[{"id":76714,"href":"https:\/\/www.vidzeme.lv\/en\/wp-json\/wp\/v2\/pages\/31873\/revisions\/76714"}],"wp:attachment":[{"href":"https:\/\/www.vidzeme.lv\/en\/wp-json\/wp\/v2\/media?parent=31873"}],"curies":[{"name":"wp","href":"https:\/\/api.w.org\/{rel}","templated":true}]}}