{"id":69044,"date":"2024-07-29T12:42:24","date_gmt":"2024-07-29T09:42:24","guid":{"rendered":"https:\/\/www.vidzeme.lv\/focus-areas\/europe-direct-vidzeme\/"},"modified":"2025-04-14T12:37:28","modified_gmt":"2025-04-14T09:37:28","slug":"europe-direct-vidzeme","status":"publish","type":"page","link":"https:\/\/www.vidzeme.lv\/en\/focus-areas\/europe-direct-vidzeme\/","title":{"rendered":"EUROPE DIRECT Vidzeme"},"content":{"rendered":"<div class=\"wpb-content-wrapper\"><p>[vc_row][vc_column width=&#8221;3\/4&#8243;]<div class='vc-content vc-paragraph' id=''><p>The network of EUROPE DIRECT centres (formerly known as the Europe Direct Information Centres (EDIC) network) was established in 2005 and now includes more than 420 centres across the European Union (EU). By organising information and engagement events, EUROPE DIRECT centres enable citizens to make informed choices about the future of the EU, fully participating in the European democratic process. EUROPE DIRECT centres help identify aspects of EU policies that are relevant at local level and organise events that meet local needs.<\/p>\n<p>In Latvia, some of the centers have been performing similar duties for many years and some of them are newcomers. EUROPE DIRECT centers operate throughout Latvia, with branches in <strong>Madona, Al\u016bksne, R\u0113zekne, Ventspils, Kuld\u012bga, Jelgava, J\u0113kabpils, Daugavpils, C\u0113sis<\/strong> and <strong>Valmiera.<\/strong><\/p><\/div><div class=\"article-image gallery border-round image-d3ca5066d1694d02f29a47cd8d323154\"><img loading=\"lazy\" decoding=\"async\" width=\"3960\" height=\"2160\" src=\"https:\/\/www.vidzeme.lv\/wp-content\/uploads\/2024\/07\/map-kopa-16x9-1.png\" class=\" gallery-main-image\" alt=\"europe direct vidzeme\" data-id=\"vc-galleryd3ca5066d1694d02f29a47cd8d323154\" tabindex=\"0\" srcset=\"https:\/\/www.vidzeme.lv\/wp-content\/uploads\/2024\/07\/map-kopa-16x9-1.png 3960w, https:\/\/www.vidzeme.lv\/wp-content\/uploads\/2024\/07\/map-kopa-16x9-1-300x164.png 300w, https:\/\/www.vidzeme.lv\/wp-content\/uploads\/2024\/07\/map-kopa-16x9-1-1024x559.png 1024w, https:\/\/www.vidzeme.lv\/wp-content\/uploads\/2024\/07\/map-kopa-16x9-1-768x419.png 768w, https:\/\/www.vidzeme.lv\/wp-content\/uploads\/2024\/07\/map-kopa-16x9-1-1536x838.png 1536w, https:\/\/www.vidzeme.lv\/wp-content\/uploads\/2024\/07\/map-kopa-16x9-1-2048x1117.png 2048w, https:\/\/www.vidzeme.lv\/wp-content\/uploads\/2024\/07\/map-kopa-16x9-1-1320x720.png 1320w\" sizes=\"auto, (max-width: 3960px) 100vw, 3960px\" \/><\/div><p class=\"image-caption\">EUROPE DIRECT centri Latvij\u0101<\/p><div class='vc-heading' id=''><h1 id=\"what-is-europe-direct-vidzeme\">What is EUROPE DIRECT Vidzeme?<\/h1><\/div><div class='vc-content vc-paragraph' id=''><p>Since May 2021, the Vidzeme Planning Region has become one of the 8 new EUROPE DIRECT centers in Latvia. The main task of EUROPE DIRECT Vidzeme, with branches in C\u0113sis and Valmiera, is to provide residents of Vidzeme with timely and objective information about the most important current events in Europe, as well as to stimulate discussions among residents about the future of Europe. Its duration of operation is planned until 2025. <strong>EUROPE DIRECT Vidzeme operates in the Saulkrasti, C\u0113sis, Valka, Valmiera, Ogre, Smiltene and Limba\u017ei municipalities.<\/strong><\/p>\n<p>EUROPE DIRECT Vidzeme uses a wide range of public information opportunities in its work \u2013 local and regional media, social media, face-to-face, hybrid or online events, workshops, discussions and other types of activities. Our target audience &#8211; municipalities, the public sector, young people, educational institutions, entrepreneurs and society in general, actively engage in various seminars, trainings, fact-finding trips, competitions and other events to jointly promote understanding of the benefits they derive from the EU on a daily basis, while emphasizing its added value.<\/p><\/div><div class='vc-content vc-paragraph' id=''><p>All our services are provided free of charge.<\/p>\n<p><em>Please note that we cannot provide legal advice or interpret EU law.<\/em><\/p>\n<p>To learn more about centers in EU member states, including Latvia, please click <a rel=\"nofollow\" href=\"https:\/\/european-union.europa.eu\/contact-eu\/meet-us_en\">here<\/a>.<\/p><\/div>[\/vc_column][vc_column width=&#8221;1\/4&#8243; css=&#8221;.vc_custom_1731954725679{margin-left: 50px !important;}&#8221;][\/vc_column][\/vc_row][vc_row][vc_column css=&#8221;.vc_custom_1731954909300{margin-top: 50px !important;}&#8221;][\/vc_column][vc_column][\/vc_column][vc_column][\/vc_column][\/vc_row][vc_row][vc_column][\/vc_column][\/vc_row]<\/p>\n<\/div>","protected":false},"excerpt":{"rendered":"<p>[vc_row][vc_column width=&#8221;3\/4&#8243;][\/vc_column][vc_column width=&#8221;1\/4&#8243; css=&#8221;.vc_custom_1731954725679{margin-left: 50px !important;}&#8221;][\/vc_column][\/vc_row][vc_row][vc_column css=&#8221;.vc_custom_1731954909300{margin-top: 50px !important;}&#8221;][\/vc_column][vc_column][\/vc_column][vc_column][\/vc_column][\/vc_row][vc_row][vc_column][\/vc_column][\/vc_row]<\/p>\n","protected":false},"author":13,"featured_media":54817,"parent":31867,"menu_order":0,"comment_status":"closed","ping_status":"closed","template":"","meta":{"_acf_changed":false,"footnotes":""},"class_list":["post-69044","page","type-page","status-publish","has-post-thumbnail","hentry"],"acf":[],"yoast_head":"<!-- This site is optimized with the Yoast SEO plugin v25.6 - https:\/\/yoast.com\/wordpress\/plugins\/seo\/ -->\n<title>EUROPE DIRECT Vidzeme - Vidzemes pl\u0101no\u0161anas re\u0123ions<\/title>\n<meta name=\"description\" content=\"[vc_row][vc_column width=&#8221;3\/4&#8243;][\/vc_column][vc_column width=&#8221;1\/4&#8243; css=&#8221;.vc_custom_1731954725679{margin-left: 50px !important;}&#8221;][\/vc_column][\/vc_row][vc_row][vc_column css=&#8221;.vc_custom_1731954909300{margin-top: 50px !important;}&#8221;][\/vc_column][vc_column][\/vc_column][vc_column][\/vc_column][\/vc_row][vc_row][vc_column][\/vc_column][\/vc_row]\" \/>\n<meta name=\"robots\" content=\"index, follow, max-snippet:-1, max-image-preview:large, max-video-preview:-1\" \/>\n<link rel=\"canonical\" href=\"https:\/\/www.vidzeme.lv\/en\/focus-areas\/europe-direct-vidzeme\/\" \/>\n<meta property=\"og:locale\" content=\"en_US\" \/>\n<meta property=\"og:type\" content=\"article\" \/>\n<meta property=\"og:title\" content=\"EUROPE DIRECT Vidzeme - Vidzemes pl\u0101no\u0161anas re\u0123ions\" \/>\n<meta property=\"og:description\" content=\"[vc_row][vc_column width=&#8221;3\/4&#8243;][\/vc_column][vc_column width=&#8221;1\/4&#8243; css=&#8221;.vc_custom_1731954725679{margin-left: 50px !important;}&#8221;][\/vc_column][\/vc_row][vc_row][vc_column css=&#8221;.vc_custom_1731954909300{margin-top: 50px !important;}&#8221;][\/vc_column][vc_column][\/vc_column][vc_column][\/vc_column][\/vc_row][vc_row][vc_column][\/vc_column][\/vc_row]\" \/>\n<meta property=\"og:url\" content=\"https:\/\/www.vidzeme.lv\/en\/focus-areas\/europe-direct-vidzeme\/\" \/>\n<meta property=\"og:site_name\" content=\"Vidzemes pl\u0101no\u0161anas re\u0123ions\" \/>\n<meta property=\"article:modified_time\" content=\"2025-04-14T09:37:28+00:00\" \/>\n<meta property=\"og:image\" content=\"https:\/\/www.vidzeme.lv\/wp-content\/uploads\/2024\/03\/ED6.png\" \/>\n\t<meta property=\"og:image:width\" content=\"1024\" \/>\n\t<meta property=\"og:image:height\" content=\"433\" \/>\n\t<meta property=\"og:image:type\" content=\"image\/png\" \/>\n<meta name=\"twitter:card\" content=\"summary_large_image\" \/>\n<meta name=\"twitter:label1\" content=\"Est. reading time\" \/>\n\t<meta name=\"twitter:data1\" content=\"2 minutes\" \/>\n<script type=\"application\/ld+json\" class=\"yoast-schema-graph\">{\"@context\":\"https:\/\/schema.org\",\"@graph\":[{\"@type\":\"WebPage\",\"@id\":\"https:\/\/www.vidzeme.lv\/en\/focus-areas\/europe-direct-vidzeme\/\",\"url\":\"https:\/\/www.vidzeme.lv\/en\/focus-areas\/europe-direct-vidzeme\/\",\"name\":\"EUROPE DIRECT Vidzeme - Vidzemes pl\u0101no\u0161anas re\u0123ions\",\"isPartOf\":{\"@id\":\"https:\/\/www.vidzeme.lv\/en\/#website\"},\"primaryImageOfPage\":{\"@id\":\"https:\/\/www.vidzeme.lv\/en\/focus-areas\/europe-direct-vidzeme\/#primaryimage\"},\"image\":{\"@id\":\"https:\/\/www.vidzeme.lv\/en\/focus-areas\/europe-direct-vidzeme\/#primaryimage\"},\"thumbnailUrl\":\"https:\/\/www.vidzeme.lv\/wp-content\/uploads\/2024\/03\/ED6.png\",\"datePublished\":\"2024-07-29T09:42:24+00:00\",\"dateModified\":\"2025-04-14T09:37:28+00:00\",\"description\":\"[vc_row][vc_column width=&#8221;3\/4&#8243;][\/vc_column][vc_column width=&#8221;1\/4&#8243; css=&#8221;.vc_custom_1731954725679{margin-left: 50px !important;}&#8221;][\/vc_column][\/vc_row][vc_row][vc_column css=&#8221;.vc_custom_1731954909300{margin-top: 50px !important;}&#8221;][\/vc_column][vc_column][\/vc_column][vc_column][\/vc_column][\/vc_row][vc_row][vc_column][\/vc_column][\/vc_row]\",\"breadcrumb\":{\"@id\":\"https:\/\/www.vidzeme.lv\/en\/focus-areas\/europe-direct-vidzeme\/#breadcrumb\"},\"inLanguage\":\"en-US\",\"potentialAction\":[{\"@type\":\"ReadAction\",\"target\":[\"https:\/\/www.vidzeme.lv\/en\/focus-areas\/europe-direct-vidzeme\/\"]}]},{\"@type\":\"ImageObject\",\"inLanguage\":\"en-US\",\"@id\":\"https:\/\/www.vidzeme.lv\/en\/focus-areas\/europe-direct-vidzeme\/#primaryimage\",\"url\":\"https:\/\/www.vidzeme.lv\/wp-content\/uploads\/2024\/03\/ED6.png\",\"contentUrl\":\"https:\/\/www.vidzeme.lv\/wp-content\/uploads\/2024\/03\/ED6.png\",\"width\":1024,\"height\":433,\"caption\":\"land surveying safety monitoring and 5g network exploring the potential of drone operations\"},{\"@type\":\"BreadcrumbList\",\"@id\":\"https:\/\/www.vidzeme.lv\/en\/focus-areas\/europe-direct-vidzeme\/#breadcrumb\",\"itemListElement\":[{\"@type\":\"ListItem\",\"position\":1,\"name\":\"Home\",\"item\":\"https:\/\/www.vidzeme.lv\/en\/\"},{\"@type\":\"ListItem\",\"position\":2,\"name\":\"Focus areas\",\"item\":\"https:\/\/www.vidzeme.lv\/en\/focus-areas\/\"},{\"@type\":\"ListItem\",\"position\":3,\"name\":\"EUROPE DIRECT Vidzeme\"}]},{\"@type\":\"WebSite\",\"@id\":\"https:\/\/www.vidzeme.lv\/en\/#website\",\"url\":\"https:\/\/www.vidzeme.lv\/en\/\",\"name\":\"Vidzeme\",\"description\":\"Vidzemes pl\u0101no\u0161anas re\u0123ions\",\"publisher\":{\"@id\":\"https:\/\/www.vidzeme.lv\/en\/#organization\"},\"potentialAction\":[{\"@type\":\"SearchAction\",\"target\":{\"@type\":\"EntryPoint\",\"urlTemplate\":\"https:\/\/www.vidzeme.lv\/en\/?s={search_term_string}\"},\"query-input\":{\"@type\":\"PropertyValueSpecification\",\"valueRequired\":true,\"valueName\":\"search_term_string\"}}],\"inLanguage\":\"en-US\"},{\"@type\":\"Organization\",\"@id\":\"https:\/\/www.vidzeme.lv\/en\/#organization\",\"name\":\"Vidzemes pl\u0101no\u0161anas re\u0123ions\",\"url\":\"https:\/\/www.vidzeme.lv\/en\/\",\"logo\":{\"@type\":\"ImageObject\",\"inLanguage\":\"en-US\",\"@id\":\"https:\/\/www.vidzeme.lv\/en\/#\/schema\/logo\/image\/\",\"url\":\"https:\/\/www.vidzeme.lv\/wp-content\/uploads\/2023\/05\/logo.png\",\"contentUrl\":\"https:\/\/www.vidzeme.lv\/wp-content\/uploads\/2023\/05\/logo.png\",\"width\":291,\"height\":186,\"caption\":\"Vidzemes pl\u0101no\u0161anas re\u0123ions\"},\"image\":{\"@id\":\"https:\/\/www.vidzeme.lv\/en\/#\/schema\/logo\/image\/\"}}]}<\/script>\n<!-- \/ Yoast SEO plugin. -->","yoast_head_json":{"title":"EUROPE DIRECT Vidzeme - Vidzemes pl\u0101no\u0161anas re\u0123ions","description":"[vc_row][vc_column width=&#8221;3\/4&#8243;][\/vc_column][vc_column width=&#8221;1\/4&#8243; css=&#8221;.vc_custom_1731954725679{margin-left: 50px !important;}&#8221;][\/vc_column][\/vc_row][vc_row][vc_column css=&#8221;.vc_custom_1731954909300{margin-top: 50px !important;}&#8221;][\/vc_column][vc_column][\/vc_column][vc_column][\/vc_column][\/vc_row][vc_row][vc_column][\/vc_column][\/vc_row]","robots":{"index":"index","follow":"follow","max-snippet":"max-snippet:-1","max-image-preview":"max-image-preview:large","max-video-preview":"max-video-preview:-1"},"canonical":"https:\/\/www.vidzeme.lv\/en\/focus-areas\/europe-direct-vidzeme\/","og_locale":"en_US","og_type":"article","og_title":"EUROPE DIRECT Vidzeme - Vidzemes pl\u0101no\u0161anas re\u0123ions","og_description":"[vc_row][vc_column width=&#8221;3\/4&#8243;][\/vc_column][vc_column width=&#8221;1\/4&#8243; css=&#8221;.vc_custom_1731954725679{margin-left: 50px !important;}&#8221;][\/vc_column][\/vc_row][vc_row][vc_column css=&#8221;.vc_custom_1731954909300{margin-top: 50px !important;}&#8221;][\/vc_column][vc_column][\/vc_column][vc_column][\/vc_column][\/vc_row][vc_row][vc_column][\/vc_column][\/vc_row]","og_url":"https:\/\/www.vidzeme.lv\/en\/focus-areas\/europe-direct-vidzeme\/","og_site_name":"Vidzemes pl\u0101no\u0161anas re\u0123ions","article_modified_time":"2025-04-14T09:37:28+00:00","og_image":[{"width":1024,"height":433,"url":"https:\/\/www.vidzeme.lv\/wp-content\/uploads\/2024\/03\/ED6.png","type":"image\/png"}],"twitter_card":"summary_large_image","twitter_misc":{"Est. reading time":"2 minutes"},"schema":{"@context":"https:\/\/schema.org","@graph":[{"@type":"WebPage","@id":"https:\/\/www.vidzeme.lv\/en\/focus-areas\/europe-direct-vidzeme\/","url":"https:\/\/www.vidzeme.lv\/en\/focus-areas\/europe-direct-vidzeme\/","name":"EUROPE DIRECT Vidzeme - Vidzemes pl\u0101no\u0161anas re\u0123ions","isPartOf":{"@id":"https:\/\/www.vidzeme.lv\/en\/#website"},"primaryImageOfPage":{"@id":"https:\/\/www.vidzeme.lv\/en\/focus-areas\/europe-direct-vidzeme\/#primaryimage"},"image":{"@id":"https:\/\/www.vidzeme.lv\/en\/focus-areas\/europe-direct-vidzeme\/#primaryimage"},"thumbnailUrl":"https:\/\/www.vidzeme.lv\/wp-content\/uploads\/2024\/03\/ED6.png","datePublished":"2024-07-29T09:42:24+00:00","dateModified":"2025-04-14T09:37:28+00:00","description":"[vc_row][vc_column width=&#8221;3\/4&#8243;][\/vc_column][vc_column width=&#8221;1\/4&#8243; css=&#8221;.vc_custom_1731954725679{margin-left: 50px !important;}&#8221;][\/vc_column][\/vc_row][vc_row][vc_column css=&#8221;.vc_custom_1731954909300{margin-top: 50px !important;}&#8221;][\/vc_column][vc_column][\/vc_column][vc_column][\/vc_column][\/vc_row][vc_row][vc_column][\/vc_column][\/vc_row]","breadcrumb":{"@id":"https:\/\/www.vidzeme.lv\/en\/focus-areas\/europe-direct-vidzeme\/#breadcrumb"},"inLanguage":"en-US","potentialAction":[{"@type":"ReadAction","target":["https:\/\/www.vidzeme.lv\/en\/focus-areas\/europe-direct-vidzeme\/"]}]},{"@type":"ImageObject","inLanguage":"en-US","@id":"https:\/\/www.vidzeme.lv\/en\/focus-areas\/europe-direct-vidzeme\/#primaryimage","url":"https:\/\/www.vidzeme.lv\/wp-content\/uploads\/2024\/03\/ED6.png","contentUrl":"https:\/\/www.vidzeme.lv\/wp-content\/uploads\/2024\/03\/ED6.png","width":1024,"height":433,"caption":"land surveying safety monitoring and 5g network exploring the potential of drone operations"},{"@type":"BreadcrumbList","@id":"https:\/\/www.vidzeme.lv\/en\/focus-areas\/europe-direct-vidzeme\/#breadcrumb","itemListElement":[{"@type":"ListItem","position":1,"name":"Home","item":"https:\/\/www.vidzeme.lv\/en\/"},{"@type":"ListItem","position":2,"name":"Focus areas","item":"https:\/\/www.vidzeme.lv\/en\/focus-areas\/"},{"@type":"ListItem","position":3,"name":"EUROPE DIRECT Vidzeme"}]},{"@type":"WebSite","@id":"https:\/\/www.vidzeme.lv\/en\/#website","url":"https:\/\/www.vidzeme.lv\/en\/","name":"Vidzeme","description":"Vidzemes pl\u0101no\u0161anas re\u0123ions","publisher":{"@id":"https:\/\/www.vidzeme.lv\/en\/#organization"},"potentialAction":[{"@type":"SearchAction","target":{"@type":"EntryPoint","urlTemplate":"https:\/\/www.vidzeme.lv\/en\/?s={search_term_string}"},"query-input":{"@type":"PropertyValueSpecification","valueRequired":true,"valueName":"search_term_string"}}],"inLanguage":"en-US"},{"@type":"Organization","@id":"https:\/\/www.vidzeme.lv\/en\/#organization","name":"Vidzemes pl\u0101no\u0161anas re\u0123ions","url":"https:\/\/www.vidzeme.lv\/en\/","logo":{"@type":"ImageObject","inLanguage":"en-US","@id":"https:\/\/www.vidzeme.lv\/en\/#\/schema\/logo\/image\/","url":"https:\/\/www.vidzeme.lv\/wp-content\/uploads\/2023\/05\/logo.png","contentUrl":"https:\/\/www.vidzeme.lv\/wp-content\/uploads\/2023\/05\/logo.png","width":291,"height":186,"caption":"Vidzemes pl\u0101no\u0161anas re\u0123ions"},"image":{"@id":"https:\/\/www.vidzeme.lv\/en\/#\/schema\/logo\/image\/"}}]}},"_links":{"self":[{"href":"https:\/\/www.vidzeme.lv\/en\/wp-json\/wp\/v2\/pages\/69044","targetHints":{"allow":["GET"]}}],"collection":[{"href":"https:\/\/www.vidzeme.lv\/en\/wp-json\/wp\/v2\/pages"}],"about":[{"href":"https:\/\/www.vidzeme.lv\/en\/wp-json\/wp\/v2\/types\/page"}],"author":[{"embeddable":true,"href":"https:\/\/www.vidzeme.lv\/en\/wp-json\/wp\/v2\/users\/13"}],"replies":[{"embeddable":true,"href":"https:\/\/www.vidzeme.lv\/en\/wp-json\/wp\/v2\/comments?post=69044"}],"version-history":[{"count":2,"href":"https:\/\/www.vidzeme.lv\/en\/wp-json\/wp\/v2\/pages\/69044\/revisions"}],"predecessor-version":[{"id":69046,"href":"https:\/\/www.vidzeme.lv\/en\/wp-json\/wp\/v2\/pages\/69044\/revisions\/69046"}],"up":[{"embeddable":true,"href":"https:\/\/www.vidzeme.lv\/en\/wp-json\/wp\/v2\/pages\/31867"}],"wp:featuredmedia":[{"embeddable":true,"href":"https:\/\/www.vidzeme.lv\/en\/wp-json\/wp\/v2\/media\/54817"}],"wp:attachment":[{"href":"https:\/\/www.vidzeme.lv\/en\/wp-json\/wp\/v2\/media?parent=69044"}],"curies":[{"name":"wp","href":"https:\/\/api.w.org\/{rel}","templated":true}]}}