{"id":69157,"date":"2023-12-14T07:14:59","date_gmt":"2023-12-14T04:14:59","guid":{"rendered":"https:\/\/www.vidzeme.lv\/focus-areas\/remigracija\/"},"modified":"2025-04-24T13:18:06","modified_gmt":"2025-04-24T10:18:06","slug":"remigration","status":"publish","type":"page","link":"https:\/\/www.vidzeme.lv\/en\/focus-areas\/remigration\/","title":{"rendered":""},"content":{"rendered":"<div class=\"wpb-content-wrapper\"><p>[vc_row gap=&#8221;35&#8243;][vc_column width=&#8221;2\/3&#8243;]<div class='vc-heading' id=''><h2 id=\"about-the-remigration-pilot-project-in-latvia\">About the remigration pilot project in Latvia<\/h2><\/div><div class='vc-content vc-paragraph' id=''><p>The project \u201cRegional Remigration Coordinator\u201d implemented by the Ministry of Smart Administration and Regional Development (VARAM) and planning regions is being implemented based on the competence of the VARAM and planning regions set out in the Diaspora Law, as well as in accordance with the tasks set out in the Government Action Plan in 2019, which envisages helping compatriots return to Latvia by continuing to implement the remigration programme and introducing it as a permanent programme. Its aim is to support measures for the political and civic participation and involvement of compatriots living abroad in the economic and cultural life, education and science of Latvia, to support Latvian families living abroad who are considering returning to Latvia, to ensure closer ties with Latvia and to promote a targeted state support policy for the implementation of return.<\/p>\n<p>In order to initiate targeted work to promote remigration, in 2018 the Ministry of of Smart Administration and Regional Development (VARAM) established a network of five regional remigration coordinators, providing one regional coordinator in each planning region, including the Vidzeme Planning Region.<\/p>\n<p>Coordinators help those who have left to return home, and municipalities \u2013 to regain their residents. Everyone interested has the opportunity to receive free consultation from a regional coordinator on issues relevant to them, related to returning to Latvia in a specific region. The coordinator is also a support person who helps compatriots abroad to remotely assess the advantages of a well-considered decision, as well as prepare for a successful return to Latvia.<\/p>\n<p>Each remigrant has individual needs and circumstances that must be taken into account, thus, during the communication, all questions of interest are identified, to which the coordinator in Latvia helps find answers, if necessary, also cooperating with local government and state institutions.<\/p><\/div>[\/vc_column][vc_column width=&#8221;1\/3&#8243;]<style>.image-80da381ff56d1a8243320af08335686e img.gallery-main-image { aspect-ratio: revert-layer!important; }<\/style><div class=\"article-image gallery border-round image-80da381ff56d1a8243320af08335686e\"><img loading=\"lazy\" decoding=\"async\" width=\"443\" height=\"188\" src=\"https:\/\/www.vidzeme.lv\/wp-content\/uploads\/2024\/10\/vpr_vidzeme_aicina_logo1_1.jpg\" class=\" gallery-main-image\" alt=\"remigracija\" data-id=\"vc-gallery80da381ff56d1a8243320af08335686e\" tabindex=\"0\" srcset=\"https:\/\/www.vidzeme.lv\/wp-content\/uploads\/2024\/10\/vpr_vidzeme_aicina_logo1_1.jpg 443w, https:\/\/www.vidzeme.lv\/wp-content\/uploads\/2024\/10\/vpr_vidzeme_aicina_logo1_1-300x127.jpg 300w\" sizes=\"auto, (max-width: 443px) 100vw, 443px\" \/><\/div><p class=\"image-caption\"><\/p>[\/vc_column][\/vc_row][vc_row][vc_column][\/vc_column][\/vc_row][vc_row][vc_column width=&#8221;2\/3&#8243;][\/vc_column][vc_column width=&#8221;1\/3&#8243;][\/vc_column][\/vc_row][vc_row][vc_column][\/vc_column][\/vc_row]<\/p>\n<\/div>","protected":false},"excerpt":{"rendered":"<p>[vc_row gap=&#8221;35&#8243;][vc_column width=&#8221;2\/3&#8243;][\/vc_column][vc_column width=&#8221;1\/3&#8243;][\/vc_column][\/vc_row][vc_row][vc_column][\/vc_column][\/vc_row][vc_row][vc_column width=&#8221;2\/3&#8243;][\/vc_column][vc_column width=&#8221;1\/3&#8243;][\/vc_column][\/vc_row][vc_row][vc_column][\/vc_column][\/vc_row]<\/p>\n","protected":false},"author":5,"featured_media":0,"parent":31867,"menu_order":0,"comment_status":"closed","ping_status":"closed","template":"","meta":{"_acf_changed":false,"footnotes":""},"class_list":["post-69157","page","type-page","status-publish","hentry"],"acf":[],"yoast_head":"<!-- This site is optimized with the Yoast SEO plugin v25.6 - https:\/\/yoast.com\/wordpress\/plugins\/seo\/ -->\n<title>- Vidzemes pl\u0101no\u0161anas re\u0123ions<\/title>\n<meta name=\"description\" content=\"[vc_row gap=&#8221;35&#8243;][vc_column width=&#8221;2\/3&#8243;][\/vc_column][vc_column width=&#8221;1\/3&#8243;][\/vc_column][\/vc_row][vc_row][vc_column][\/vc_column][\/vc_row][vc_row][vc_column width=&#8221;2\/3&#8243;][\/vc_column][vc_column width=&#8221;1\/3&#8243;][\/vc_column][\/vc_row][vc_row][vc_column][\/vc_column][\/vc_row]\" \/>\n<meta name=\"robots\" content=\"index, follow, max-snippet:-1, max-image-preview:large, max-video-preview:-1\" \/>\n<link rel=\"canonical\" href=\"https:\/\/www.vidzeme.lv\/en\/focus-areas\/remigration\/\" \/>\n<meta property=\"og:locale\" content=\"en_US\" \/>\n<meta property=\"og:type\" content=\"article\" \/>\n<meta property=\"og:title\" content=\"- Vidzemes pl\u0101no\u0161anas re\u0123ions\" \/>\n<meta property=\"og:description\" content=\"[vc_row gap=&#8221;35&#8243;][vc_column width=&#8221;2\/3&#8243;][\/vc_column][vc_column width=&#8221;1\/3&#8243;][\/vc_column][\/vc_row][vc_row][vc_column][\/vc_column][\/vc_row][vc_row][vc_column width=&#8221;2\/3&#8243;][\/vc_column][vc_column width=&#8221;1\/3&#8243;][\/vc_column][\/vc_row][vc_row][vc_column][\/vc_column][\/vc_row]\" \/>\n<meta property=\"og:url\" content=\"https:\/\/www.vidzeme.lv\/en\/focus-areas\/remigration\/\" \/>\n<meta property=\"og:site_name\" content=\"Vidzemes pl\u0101no\u0161anas re\u0123ions\" \/>\n<meta property=\"article:modified_time\" content=\"2025-04-24T10:18:06+00:00\" \/>\n<meta name=\"twitter:card\" content=\"summary_large_image\" \/>\n<meta name=\"twitter:label1\" content=\"Est. reading time\" \/>\n\t<meta name=\"twitter:data1\" content=\"2 minutes\" \/>\n<script type=\"application\/ld+json\" class=\"yoast-schema-graph\">{\"@context\":\"https:\/\/schema.org\",\"@graph\":[{\"@type\":\"WebPage\",\"@id\":\"https:\/\/www.vidzeme.lv\/en\/focus-areas\/remigration\/\",\"url\":\"https:\/\/www.vidzeme.lv\/en\/focus-areas\/remigration\/\",\"name\":\"- Vidzemes pl\u0101no\u0161anas re\u0123ions\",\"isPartOf\":{\"@id\":\"https:\/\/www.vidzeme.lv\/en\/#website\"},\"datePublished\":\"2023-12-14T04:14:59+00:00\",\"dateModified\":\"2025-04-24T10:18:06+00:00\",\"description\":\"[vc_row gap=&#8221;35&#8243;][vc_column width=&#8221;2\/3&#8243;][\/vc_column][vc_column width=&#8221;1\/3&#8243;][\/vc_column][\/vc_row][vc_row][vc_column][\/vc_column][\/vc_row][vc_row][vc_column width=&#8221;2\/3&#8243;][\/vc_column][vc_column width=&#8221;1\/3&#8243;][\/vc_column][\/vc_row][vc_row][vc_column][\/vc_column][\/vc_row]\",\"breadcrumb\":{\"@id\":\"https:\/\/www.vidzeme.lv\/en\/focus-areas\/remigration\/#breadcrumb\"},\"inLanguage\":\"en-US\",\"potentialAction\":[{\"@type\":\"ReadAction\",\"target\":[\"https:\/\/www.vidzeme.lv\/en\/focus-areas\/remigration\/\"]}]},{\"@type\":\"BreadcrumbList\",\"@id\":\"https:\/\/www.vidzeme.lv\/en\/focus-areas\/remigration\/#breadcrumb\",\"itemListElement\":[{\"@type\":\"ListItem\",\"position\":1,\"name\":\"Home\",\"item\":\"https:\/\/www.vidzeme.lv\/en\/\"},{\"@type\":\"ListItem\",\"position\":2,\"name\":\"Focus areas\",\"item\":\"https:\/\/www.vidzeme.lv\/en\/focus-areas\/\"}]},{\"@type\":\"WebSite\",\"@id\":\"https:\/\/www.vidzeme.lv\/en\/#website\",\"url\":\"https:\/\/www.vidzeme.lv\/en\/\",\"name\":\"Vidzeme\",\"description\":\"Vidzemes pl\u0101no\u0161anas re\u0123ions\",\"publisher\":{\"@id\":\"https:\/\/www.vidzeme.lv\/en\/#organization\"},\"potentialAction\":[{\"@type\":\"SearchAction\",\"target\":{\"@type\":\"EntryPoint\",\"urlTemplate\":\"https:\/\/www.vidzeme.lv\/en\/?s={search_term_string}\"},\"query-input\":{\"@type\":\"PropertyValueSpecification\",\"valueRequired\":true,\"valueName\":\"search_term_string\"}}],\"inLanguage\":\"en-US\"},{\"@type\":\"Organization\",\"@id\":\"https:\/\/www.vidzeme.lv\/en\/#organization\",\"name\":\"Vidzemes pl\u0101no\u0161anas re\u0123ions\",\"url\":\"https:\/\/www.vidzeme.lv\/en\/\",\"logo\":{\"@type\":\"ImageObject\",\"inLanguage\":\"en-US\",\"@id\":\"https:\/\/www.vidzeme.lv\/en\/#\/schema\/logo\/image\/\",\"url\":\"https:\/\/www.vidzeme.lv\/wp-content\/uploads\/2023\/05\/logo.png\",\"contentUrl\":\"https:\/\/www.vidzeme.lv\/wp-content\/uploads\/2023\/05\/logo.png\",\"width\":291,\"height\":186,\"caption\":\"Vidzemes pl\u0101no\u0161anas re\u0123ions\"},\"image\":{\"@id\":\"https:\/\/www.vidzeme.lv\/en\/#\/schema\/logo\/image\/\"}}]}<\/script>\n<!-- \/ Yoast SEO plugin. -->","yoast_head_json":{"title":"- Vidzemes pl\u0101no\u0161anas re\u0123ions","description":"[vc_row gap=&#8221;35&#8243;][vc_column width=&#8221;2\/3&#8243;][\/vc_column][vc_column width=&#8221;1\/3&#8243;][\/vc_column][\/vc_row][vc_row][vc_column][\/vc_column][\/vc_row][vc_row][vc_column width=&#8221;2\/3&#8243;][\/vc_column][vc_column width=&#8221;1\/3&#8243;][\/vc_column][\/vc_row][vc_row][vc_column][\/vc_column][\/vc_row]","robots":{"index":"index","follow":"follow","max-snippet":"max-snippet:-1","max-image-preview":"max-image-preview:large","max-video-preview":"max-video-preview:-1"},"canonical":"https:\/\/www.vidzeme.lv\/en\/focus-areas\/remigration\/","og_locale":"en_US","og_type":"article","og_title":"- Vidzemes pl\u0101no\u0161anas re\u0123ions","og_description":"[vc_row gap=&#8221;35&#8243;][vc_column width=&#8221;2\/3&#8243;][\/vc_column][vc_column width=&#8221;1\/3&#8243;][\/vc_column][\/vc_row][vc_row][vc_column][\/vc_column][\/vc_row][vc_row][vc_column width=&#8221;2\/3&#8243;][\/vc_column][vc_column width=&#8221;1\/3&#8243;][\/vc_column][\/vc_row][vc_row][vc_column][\/vc_column][\/vc_row]","og_url":"https:\/\/www.vidzeme.lv\/en\/focus-areas\/remigration\/","og_site_name":"Vidzemes pl\u0101no\u0161anas re\u0123ions","article_modified_time":"2025-04-24T10:18:06+00:00","twitter_card":"summary_large_image","twitter_misc":{"Est. reading time":"2 minutes"},"schema":{"@context":"https:\/\/schema.org","@graph":[{"@type":"WebPage","@id":"https:\/\/www.vidzeme.lv\/en\/focus-areas\/remigration\/","url":"https:\/\/www.vidzeme.lv\/en\/focus-areas\/remigration\/","name":"- Vidzemes pl\u0101no\u0161anas re\u0123ions","isPartOf":{"@id":"https:\/\/www.vidzeme.lv\/en\/#website"},"datePublished":"2023-12-14T04:14:59+00:00","dateModified":"2025-04-24T10:18:06+00:00","description":"[vc_row gap=&#8221;35&#8243;][vc_column width=&#8221;2\/3&#8243;][\/vc_column][vc_column width=&#8221;1\/3&#8243;][\/vc_column][\/vc_row][vc_row][vc_column][\/vc_column][\/vc_row][vc_row][vc_column width=&#8221;2\/3&#8243;][\/vc_column][vc_column width=&#8221;1\/3&#8243;][\/vc_column][\/vc_row][vc_row][vc_column][\/vc_column][\/vc_row]","breadcrumb":{"@id":"https:\/\/www.vidzeme.lv\/en\/focus-areas\/remigration\/#breadcrumb"},"inLanguage":"en-US","potentialAction":[{"@type":"ReadAction","target":["https:\/\/www.vidzeme.lv\/en\/focus-areas\/remigration\/"]}]},{"@type":"BreadcrumbList","@id":"https:\/\/www.vidzeme.lv\/en\/focus-areas\/remigration\/#breadcrumb","itemListElement":[{"@type":"ListItem","position":1,"name":"Home","item":"https:\/\/www.vidzeme.lv\/en\/"},{"@type":"ListItem","position":2,"name":"Focus areas","item":"https:\/\/www.vidzeme.lv\/en\/focus-areas\/"}]},{"@type":"WebSite","@id":"https:\/\/www.vidzeme.lv\/en\/#website","url":"https:\/\/www.vidzeme.lv\/en\/","name":"Vidzeme","description":"Vidzemes pl\u0101no\u0161anas re\u0123ions","publisher":{"@id":"https:\/\/www.vidzeme.lv\/en\/#organization"},"potentialAction":[{"@type":"SearchAction","target":{"@type":"EntryPoint","urlTemplate":"https:\/\/www.vidzeme.lv\/en\/?s={search_term_string}"},"query-input":{"@type":"PropertyValueSpecification","valueRequired":true,"valueName":"search_term_string"}}],"inLanguage":"en-US"},{"@type":"Organization","@id":"https:\/\/www.vidzeme.lv\/en\/#organization","name":"Vidzemes pl\u0101no\u0161anas re\u0123ions","url":"https:\/\/www.vidzeme.lv\/en\/","logo":{"@type":"ImageObject","inLanguage":"en-US","@id":"https:\/\/www.vidzeme.lv\/en\/#\/schema\/logo\/image\/","url":"https:\/\/www.vidzeme.lv\/wp-content\/uploads\/2023\/05\/logo.png","contentUrl":"https:\/\/www.vidzeme.lv\/wp-content\/uploads\/2023\/05\/logo.png","width":291,"height":186,"caption":"Vidzemes pl\u0101no\u0161anas re\u0123ions"},"image":{"@id":"https:\/\/www.vidzeme.lv\/en\/#\/schema\/logo\/image\/"}}]}},"_links":{"self":[{"href":"https:\/\/www.vidzeme.lv\/en\/wp-json\/wp\/v2\/pages\/69157","targetHints":{"allow":["GET"]}}],"collection":[{"href":"https:\/\/www.vidzeme.lv\/en\/wp-json\/wp\/v2\/pages"}],"about":[{"href":"https:\/\/www.vidzeme.lv\/en\/wp-json\/wp\/v2\/types\/page"}],"author":[{"embeddable":true,"href":"https:\/\/www.vidzeme.lv\/en\/wp-json\/wp\/v2\/users\/5"}],"replies":[{"embeddable":true,"href":"https:\/\/www.vidzeme.lv\/en\/wp-json\/wp\/v2\/comments?post=69157"}],"version-history":[{"count":6,"href":"https:\/\/www.vidzeme.lv\/en\/wp-json\/wp\/v2\/pages\/69157\/revisions"}],"predecessor-version":[{"id":69168,"href":"https:\/\/www.vidzeme.lv\/en\/wp-json\/wp\/v2\/pages\/69157\/revisions\/69168"}],"up":[{"embeddable":true,"href":"https:\/\/www.vidzeme.lv\/en\/wp-json\/wp\/v2\/pages\/31867"}],"wp:attachment":[{"href":"https:\/\/www.vidzeme.lv\/en\/wp-json\/wp\/v2\/media?parent=69157"}],"curies":[{"name":"wp","href":"https:\/\/api.w.org\/{rel}","templated":true}]}}