{"id":69643,"date":"2024-11-16T23:08:08","date_gmt":"2024-11-16T20:08:08","guid":{"rendered":"https:\/\/www.vidzeme.lv\/about-us\/starptautiska-sadarbiba\/"},"modified":"2025-05-16T16:02:05","modified_gmt":"2025-05-16T13:02:05","slug":"international-cooperation","status":"publish","type":"page","link":"https:\/\/www.vidzeme.lv\/en\/about-us\/international-cooperation\/","title":{"rendered":"International cooperation"},"content":{"rendered":"<div class=\"wpb-content-wrapper\"><p>[vc_row][vc_column]<div class='vc-content vc-paragraph' id=''><p>The Vidzeme Planning Region is an active partner in international cooperation projects. The number of projects implemented over the years is measured in dozens and, including projects still in implementation, is already approaching a hundred.<\/p><\/div>[\/vc_column][\/vc_row][vc_row][vc_column]<style>.image-fbca15f23c205d36bd69c2aaaff10c02 img.gallery-main-image { aspect-ratio: revert-layer!important; }<\/style><div class=\"article-image gallery border-round image-fbca15f23c205d36bd69c2aaaff10c02\"><img loading=\"lazy\" decoding=\"async\" width=\"1768\" height=\"533\" src=\"https:\/\/www.vidzeme.lv\/wp-content\/uploads\/2025\/05\/Noformejums-bez-nosaukuma-23.jpg\" class=\" gallery-main-image\" alt=\"international cooperation\" data-id=\"vc-galleryfbca15f23c205d36bd69c2aaaff10c02\" tabindex=\"0\" srcset=\"https:\/\/www.vidzeme.lv\/wp-content\/uploads\/2025\/05\/Noformejums-bez-nosaukuma-23.jpg 1768w, https:\/\/www.vidzeme.lv\/wp-content\/uploads\/2025\/05\/Noformejums-bez-nosaukuma-23-300x90.jpg 300w, https:\/\/www.vidzeme.lv\/wp-content\/uploads\/2025\/05\/Noformejums-bez-nosaukuma-23-1024x309.jpg 1024w, https:\/\/www.vidzeme.lv\/wp-content\/uploads\/2025\/05\/Noformejums-bez-nosaukuma-23-768x232.jpg 768w, https:\/\/www.vidzeme.lv\/wp-content\/uploads\/2025\/05\/Noformejums-bez-nosaukuma-23-1536x463.jpg 1536w\" sizes=\"auto, (max-width: 1768px) 100vw, 1768px\" \/><\/div><p class=\"image-caption\"><\/p><div class='vc-content vc-paragraph' id=''><p>International cooperation projects are implemented in various areas:<\/p>\n<ul>\n<li>strategic and territorial planning<\/li>\n<li>entrepreneurship and innovation environment;<\/li>\n<li>professional education;<\/li>\n<li>social security and health;<\/li>\n<li>culture and tourism;<\/li>\n<li>landscape protection and management;<\/li>\n<li>environment and energy;<\/li>\n<li>information technologies;<\/li>\n<li>development of public transport, including mobility in rural regions;<\/li>\n<li>environmental availability<\/li>\n<li>etc.<\/li>\n<\/ul>\n<p><\/p><\/div>[\/vc_column][\/vc_row][vc_row][vc_column]<div class='vc-content vc-paragraph' id=''><p>Within the framework of projects, the Vidzeme planning region cooperates with the countries of the Baltic Sea macro-region, the Eastern European countries of the European Union, as well as the countries of Central and Southern Europe.<\/p>\n<p>Cooperation programs: Interreg Europe program, Estonia-Latvia program, Central Baltic Sea Region program, Baltic Sea Region program, Horizon 2020, Swedish Institute (SI), European Economic Area Instrument, Erasmus+, COSME, etc.<\/p><\/div>[\/vc_column][\/vc_row][vc_row][vc_column]<style>#vc-link19fd3cbd1b813fee1e0d97bc17fa348d img{display:block!important; width:19px!important;height:auto!important;margin-right:-35px!important;padding-left:0px!important;} #vc-link19fd3cbd1b813fee1e0d97bc17fa348d a{display: flex;gap: 10px;align-items: center;}<\/style><div class=\"my-2 vc-link\"  id=\"vc-link19fd3cbd1b813fee1e0d97bc17fa348d\"><a href=\"https:\/\/www.vidzeme.lv\/en\/projects\/\" class=\"link-primary link-icon-after\" target=\"_blank\" rel=\"\">More information about implemented and ongoing projects HERE.<style><\/style><div class='responsive-svg  no-animation svg-cc8ed7a631af58d91cd3dcd9927e390b'   style=' height:17px; ' ><?xml version=\"1.0\"?>\n<svg xmlns=\"http:\/\/www.w3.org\/2000\/svg\" viewBox=\"0 0 14 14\" style=\" height:17px; \" id=\"svg-cc8ed7a631af58d91cd3dcd9927e390b\">\n    <defs>\n        <style>\n            .icon-href-arrow-right-cls-1,\n            .icon-href-arrow-right-cls-2 {\n                fill: #477f87;\n            }\n\n            .icon-href-arrow-right-cls-1 {\n                opacity: 0.5;\n            }\n        <\/style>\n    <\/defs>\n    <g id=\"Layer_2\" data-name=\"Layer 2\">\n        <g id=\"Layer_1-2\" data-name=\"Layer 1\">\n            <path class=\"icon-href-arrow-right-cls-1\" d=\"M1,8A1,1,0,0,1,1,6H13a1,1,0,0,1,0,2Z\"\/>\n            <path class=\"icon-href-arrow-right-cls-2\" d=\"M6.3,12.29a1,1,0,0,0,0,1.42,1,1,0,0,0,1.41,0l6-6a1,1,0,0,0,0-1.39l-6-6A1,1,0,0,0,6.29.26a1,1,0,0,0,0,1.42L11.62,7Z\"\/>\n        <\/g>\n    <\/g>\n<\/svg>\n<\/div><\/a><\/div>[\/vc_column][\/vc_row]<\/p>\n<\/div>","protected":false},"excerpt":{"rendered":"<p>[vc_row][vc_column][\/vc_column][\/vc_row][vc_row][vc_column][\/vc_column][\/vc_row][vc_row][vc_column][\/vc_column][\/vc_row][vc_row][vc_column][\/vc_column][\/vc_row]<\/p>\n","protected":false},"author":5,"featured_media":0,"parent":31869,"menu_order":0,"comment_status":"closed","ping_status":"closed","template":"","meta":{"_acf_changed":false,"footnotes":""},"class_list":["post-69643","page","type-page","status-publish","hentry"],"acf":[],"yoast_head":"<!-- This site is optimized with the Yoast SEO plugin v25.6 - https:\/\/yoast.com\/wordpress\/plugins\/seo\/ -->\n<title>International cooperation - Vidzemes pl\u0101no\u0161anas re\u0123ions<\/title>\n<meta name=\"description\" content=\"[vc_row][vc_column][\/vc_column][\/vc_row][vc_row][vc_column][\/vc_column][\/vc_row][vc_row][vc_column][\/vc_column][\/vc_row][vc_row][vc_column][\/vc_column][\/vc_row]\" \/>\n<meta name=\"robots\" content=\"index, follow, max-snippet:-1, max-image-preview:large, max-video-preview:-1\" \/>\n<link rel=\"canonical\" href=\"https:\/\/www.vidzeme.lv\/en\/about-us\/international-cooperation\/\" \/>\n<meta property=\"og:locale\" content=\"en_US\" \/>\n<meta property=\"og:type\" content=\"article\" \/>\n<meta property=\"og:title\" content=\"International cooperation - Vidzemes pl\u0101no\u0161anas re\u0123ions\" \/>\n<meta property=\"og:description\" content=\"[vc_row][vc_column][\/vc_column][\/vc_row][vc_row][vc_column][\/vc_column][\/vc_row][vc_row][vc_column][\/vc_column][\/vc_row][vc_row][vc_column][\/vc_column][\/vc_row]\" \/>\n<meta property=\"og:url\" content=\"https:\/\/www.vidzeme.lv\/en\/about-us\/international-cooperation\/\" \/>\n<meta property=\"og:site_name\" content=\"Vidzemes pl\u0101no\u0161anas re\u0123ions\" \/>\n<meta property=\"article:modified_time\" content=\"2025-05-16T13:02:05+00:00\" \/>\n<meta name=\"twitter:card\" content=\"summary_large_image\" \/>\n<meta name=\"twitter:label1\" content=\"Est. reading time\" \/>\n\t<meta name=\"twitter:data1\" content=\"1 minute\" \/>\n<script type=\"application\/ld+json\" class=\"yoast-schema-graph\">{\"@context\":\"https:\/\/schema.org\",\"@graph\":[{\"@type\":\"WebPage\",\"@id\":\"https:\/\/www.vidzeme.lv\/en\/about-us\/international-cooperation\/\",\"url\":\"https:\/\/www.vidzeme.lv\/en\/about-us\/international-cooperation\/\",\"name\":\"International cooperation - Vidzemes pl\u0101no\u0161anas re\u0123ions\",\"isPartOf\":{\"@id\":\"https:\/\/www.vidzeme.lv\/en\/#website\"},\"datePublished\":\"2024-11-16T20:08:08+00:00\",\"dateModified\":\"2025-05-16T13:02:05+00:00\",\"description\":\"[vc_row][vc_column][\/vc_column][\/vc_row][vc_row][vc_column][\/vc_column][\/vc_row][vc_row][vc_column][\/vc_column][\/vc_row][vc_row][vc_column][\/vc_column][\/vc_row]\",\"breadcrumb\":{\"@id\":\"https:\/\/www.vidzeme.lv\/en\/about-us\/international-cooperation\/#breadcrumb\"},\"inLanguage\":\"en-US\",\"potentialAction\":[{\"@type\":\"ReadAction\",\"target\":[\"https:\/\/www.vidzeme.lv\/en\/about-us\/international-cooperation\/\"]}]},{\"@type\":\"BreadcrumbList\",\"@id\":\"https:\/\/www.vidzeme.lv\/en\/about-us\/international-cooperation\/#breadcrumb\",\"itemListElement\":[{\"@type\":\"ListItem\",\"position\":1,\"name\":\"Home\",\"item\":\"https:\/\/www.vidzeme.lv\/en\/\"},{\"@type\":\"ListItem\",\"position\":2,\"name\":\"About Us\",\"item\":\"https:\/\/www.vidzeme.lv\/en\/about-us\/\"},{\"@type\":\"ListItem\",\"position\":3,\"name\":\"International cooperation\"}]},{\"@type\":\"WebSite\",\"@id\":\"https:\/\/www.vidzeme.lv\/en\/#website\",\"url\":\"https:\/\/www.vidzeme.lv\/en\/\",\"name\":\"Vidzeme\",\"description\":\"Vidzemes pl\u0101no\u0161anas re\u0123ions\",\"publisher\":{\"@id\":\"https:\/\/www.vidzeme.lv\/en\/#organization\"},\"potentialAction\":[{\"@type\":\"SearchAction\",\"target\":{\"@type\":\"EntryPoint\",\"urlTemplate\":\"https:\/\/www.vidzeme.lv\/en\/?s={search_term_string}\"},\"query-input\":{\"@type\":\"PropertyValueSpecification\",\"valueRequired\":true,\"valueName\":\"search_term_string\"}}],\"inLanguage\":\"en-US\"},{\"@type\":\"Organization\",\"@id\":\"https:\/\/www.vidzeme.lv\/en\/#organization\",\"name\":\"Vidzemes pl\u0101no\u0161anas re\u0123ions\",\"url\":\"https:\/\/www.vidzeme.lv\/en\/\",\"logo\":{\"@type\":\"ImageObject\",\"inLanguage\":\"en-US\",\"@id\":\"https:\/\/www.vidzeme.lv\/en\/#\/schema\/logo\/image\/\",\"url\":\"https:\/\/www.vidzeme.lv\/wp-content\/uploads\/2023\/05\/logo.png\",\"contentUrl\":\"https:\/\/www.vidzeme.lv\/wp-content\/uploads\/2023\/05\/logo.png\",\"width\":291,\"height\":186,\"caption\":\"Vidzemes pl\u0101no\u0161anas re\u0123ions\"},\"image\":{\"@id\":\"https:\/\/www.vidzeme.lv\/en\/#\/schema\/logo\/image\/\"}}]}<\/script>\n<!-- \/ Yoast SEO plugin. -->","yoast_head_json":{"title":"International cooperation - Vidzemes pl\u0101no\u0161anas re\u0123ions","description":"[vc_row][vc_column][\/vc_column][\/vc_row][vc_row][vc_column][\/vc_column][\/vc_row][vc_row][vc_column][\/vc_column][\/vc_row][vc_row][vc_column][\/vc_column][\/vc_row]","robots":{"index":"index","follow":"follow","max-snippet":"max-snippet:-1","max-image-preview":"max-image-preview:large","max-video-preview":"max-video-preview:-1"},"canonical":"https:\/\/www.vidzeme.lv\/en\/about-us\/international-cooperation\/","og_locale":"en_US","og_type":"article","og_title":"International cooperation - Vidzemes pl\u0101no\u0161anas re\u0123ions","og_description":"[vc_row][vc_column][\/vc_column][\/vc_row][vc_row][vc_column][\/vc_column][\/vc_row][vc_row][vc_column][\/vc_column][\/vc_row][vc_row][vc_column][\/vc_column][\/vc_row]","og_url":"https:\/\/www.vidzeme.lv\/en\/about-us\/international-cooperation\/","og_site_name":"Vidzemes pl\u0101no\u0161anas re\u0123ions","article_modified_time":"2025-05-16T13:02:05+00:00","twitter_card":"summary_large_image","twitter_misc":{"Est. reading time":"1 minute"},"schema":{"@context":"https:\/\/schema.org","@graph":[{"@type":"WebPage","@id":"https:\/\/www.vidzeme.lv\/en\/about-us\/international-cooperation\/","url":"https:\/\/www.vidzeme.lv\/en\/about-us\/international-cooperation\/","name":"International cooperation - Vidzemes pl\u0101no\u0161anas re\u0123ions","isPartOf":{"@id":"https:\/\/www.vidzeme.lv\/en\/#website"},"datePublished":"2024-11-16T20:08:08+00:00","dateModified":"2025-05-16T13:02:05+00:00","description":"[vc_row][vc_column][\/vc_column][\/vc_row][vc_row][vc_column][\/vc_column][\/vc_row][vc_row][vc_column][\/vc_column][\/vc_row][vc_row][vc_column][\/vc_column][\/vc_row]","breadcrumb":{"@id":"https:\/\/www.vidzeme.lv\/en\/about-us\/international-cooperation\/#breadcrumb"},"inLanguage":"en-US","potentialAction":[{"@type":"ReadAction","target":["https:\/\/www.vidzeme.lv\/en\/about-us\/international-cooperation\/"]}]},{"@type":"BreadcrumbList","@id":"https:\/\/www.vidzeme.lv\/en\/about-us\/international-cooperation\/#breadcrumb","itemListElement":[{"@type":"ListItem","position":1,"name":"Home","item":"https:\/\/www.vidzeme.lv\/en\/"},{"@type":"ListItem","position":2,"name":"About Us","item":"https:\/\/www.vidzeme.lv\/en\/about-us\/"},{"@type":"ListItem","position":3,"name":"International cooperation"}]},{"@type":"WebSite","@id":"https:\/\/www.vidzeme.lv\/en\/#website","url":"https:\/\/www.vidzeme.lv\/en\/","name":"Vidzeme","description":"Vidzemes pl\u0101no\u0161anas re\u0123ions","publisher":{"@id":"https:\/\/www.vidzeme.lv\/en\/#organization"},"potentialAction":[{"@type":"SearchAction","target":{"@type":"EntryPoint","urlTemplate":"https:\/\/www.vidzeme.lv\/en\/?s={search_term_string}"},"query-input":{"@type":"PropertyValueSpecification","valueRequired":true,"valueName":"search_term_string"}}],"inLanguage":"en-US"},{"@type":"Organization","@id":"https:\/\/www.vidzeme.lv\/en\/#organization","name":"Vidzemes pl\u0101no\u0161anas re\u0123ions","url":"https:\/\/www.vidzeme.lv\/en\/","logo":{"@type":"ImageObject","inLanguage":"en-US","@id":"https:\/\/www.vidzeme.lv\/en\/#\/schema\/logo\/image\/","url":"https:\/\/www.vidzeme.lv\/wp-content\/uploads\/2023\/05\/logo.png","contentUrl":"https:\/\/www.vidzeme.lv\/wp-content\/uploads\/2023\/05\/logo.png","width":291,"height":186,"caption":"Vidzemes pl\u0101no\u0161anas re\u0123ions"},"image":{"@id":"https:\/\/www.vidzeme.lv\/en\/#\/schema\/logo\/image\/"}}]}},"_links":{"self":[{"href":"https:\/\/www.vidzeme.lv\/en\/wp-json\/wp\/v2\/pages\/69643","targetHints":{"allow":["GET"]}}],"collection":[{"href":"https:\/\/www.vidzeme.lv\/en\/wp-json\/wp\/v2\/pages"}],"about":[{"href":"https:\/\/www.vidzeme.lv\/en\/wp-json\/wp\/v2\/types\/page"}],"author":[{"embeddable":true,"href":"https:\/\/www.vidzeme.lv\/en\/wp-json\/wp\/v2\/users\/5"}],"replies":[{"embeddable":true,"href":"https:\/\/www.vidzeme.lv\/en\/wp-json\/wp\/v2\/comments?post=69643"}],"version-history":[{"count":3,"href":"https:\/\/www.vidzeme.lv\/en\/wp-json\/wp\/v2\/pages\/69643\/revisions"}],"predecessor-version":[{"id":69709,"href":"https:\/\/www.vidzeme.lv\/en\/wp-json\/wp\/v2\/pages\/69643\/revisions\/69709"}],"up":[{"embeddable":true,"href":"https:\/\/www.vidzeme.lv\/en\/wp-json\/wp\/v2\/pages\/31869"}],"wp:attachment":[{"href":"https:\/\/www.vidzeme.lv\/en\/wp-json\/wp\/v2\/media?parent=69643"}],"curies":[{"name":"wp","href":"https:\/\/api.w.org\/{rel}","templated":true}]}}