{"id":69693,"date":"2024-11-16T22:09:24","date_gmt":"2024-11-16T19:09:24","guid":{"rendered":"https:\/\/www.vidzeme.lv\/about-us\/simbolika\/"},"modified":"2025-08-11T16:15:15","modified_gmt":"2025-08-11T13:15:15","slug":"symbolism","status":"publish","type":"page","link":"https:\/\/www.vidzeme.lv\/en\/about-us\/symbolism\/","title":{"rendered":"Vidzeme Planning Region Logo &#8211; The only way is up!"},"content":{"rendered":"<div class=\"wpb-content-wrapper\"><p>[vc_row][vc_column width=&#8221;1\/4&#8243; css=&#8221;.vc_custom_1732112209713{padding-top: 100px !important;padding-right: 50px !important;}&#8221;]<style>.image-9774fcf8dbf92a8dd1a67aec94eeb4b6 img.gallery-main-image { aspect-ratio: revert-layer!important; }<\/style><div class=\"article-image gallery border-round image-9774fcf8dbf92a8dd1a67aec94eeb4b6\"><img loading=\"lazy\" decoding=\"async\" width=\"1890\" height=\"532\" src=\"https:\/\/www.vidzeme.lv\/wp-content\/uploads\/2024\/11\/VPR_logo_horizontali_ENG_color.png\" class=\" gallery-main-image\" alt=\"land surveying safety monitoring and 5g network exploring the potential of drone operations\" data-id=\"vc-gallery9774fcf8dbf92a8dd1a67aec94eeb4b6\" tabindex=\"0\" srcset=\"https:\/\/www.vidzeme.lv\/wp-content\/uploads\/2024\/11\/VPR_logo_horizontali_ENG_color.png 1890w, https:\/\/www.vidzeme.lv\/wp-content\/uploads\/2024\/11\/VPR_logo_horizontali_ENG_color-300x84.png 300w, https:\/\/www.vidzeme.lv\/wp-content\/uploads\/2024\/11\/VPR_logo_horizontali_ENG_color-1024x288.png 1024w, https:\/\/www.vidzeme.lv\/wp-content\/uploads\/2024\/11\/VPR_logo_horizontali_ENG_color-768x216.png 768w, https:\/\/www.vidzeme.lv\/wp-content\/uploads\/2024\/11\/VPR_logo_horizontali_ENG_color-1536x432.png 1536w, https:\/\/www.vidzeme.lv\/wp-content\/uploads\/2024\/11\/VPR_logo_horizontali_ENG_color-1320x372.png 1320w\" sizes=\"auto, (max-width: 1890px) 100vw, 1890px\" \/><\/div><p class=\"image-caption\"><\/p>[\/vc_column][vc_column width=&#8221;3\/4&#8243; css=&#8221;.vc_custom_1732112265917{margin-left: 50px !important;padding-left: 50px !important;}&#8221;]<div class='vc-content vc-paragraph' id=''><p>The logo of the Vidzeme Planning Region reflects the diversity and splendor of the region, which permeates its identity and development throughout the year. The colors symbolize not only the change of seasons, but also the path of development of the region:<\/p>\n<ul>\n<li><strong>The Yellow path<\/strong> \u2013 the brightness of the Vidzeme summer sun, energy and abundance of opportunities. It symbolizes openness to new ideas and creative initiatives.<\/li>\n<li><strong>The Orange path<\/strong> \u2013 The splendor and maturity of autumn, characterizing the preservation of the region&#8217;s values \u200b\u200band smart development. It calls for a balance between tradition and innovation.<\/li>\n<li><strong>The Blue path<\/strong>\u00a0\u2013 Winter&#8217;s vigor, clarity and reflection, which gives Vidzeme resilience and planned development in the long term.<\/li>\n<li><strong>The Green path<\/strong> \u2013 Spring rebirth and hope, symbolizing a new beginning, sustainability and harmony with nature.<\/li>\n<\/ul>\n<p>The highlighted road line in the center of the logo leads upwards, emphasizing Vidzeme&#8217;s continuous growth and movement towards development based on a balance between nature, society, and the economy.<\/p><\/div>[\/vc_column][\/vc_row][vc_row][vc_column]<div class='vc-heading' id=''><h4 id=\"use-of-the-vidzeme-planning-region-logo\">Use of the Vidzeme Planning Region logo<\/h4><\/div><div class='vc-content vc-paragraph' id=''><p>If you wish to use the Vidzeme Planning Region logo for publications or other purposes, please contact Head of the Communications and Public Relations Department Anita \u0100boli\u0146a (<a rel=\"noopener\" data-start=\"324\" data-end=\"348\">anita.abolina@vidzeme.lv<\/a>, +371 29454752) or another specialist from the institution\u2019s public relations team. Find the contact information <a href=\"https:\/\/www.vidzeme.lv\/en\/contacts\/\">HERE<\/a>.<\/p><\/div>[\/vc_column][\/vc_row][vc_row][vc_column width=&#8221;1\/4&#8243;][\/vc_column][vc_column width=&#8221;3\/4&#8243;][\/vc_column][\/vc_row][vc_row][vc_column][\/vc_column][\/vc_row]<\/p>\n<\/div>","protected":false},"excerpt":{"rendered":"<p>[vc_row][vc_column width=&#8221;1\/4&#8243; css=&#8221;.vc_custom_1732112209713{padding-top: 100px !important;padding-right: 50px !important;}&#8221;][\/vc_column][vc_column width=&#8221;3\/4&#8243; css=&#8221;.vc_custom_1732112265917{margin-left: 50px !important;padding-left: 50px !important;}&#8221;][\/vc_column][\/vc_row][vc_row][vc_column][\/vc_column][\/vc_row][vc_row][vc_column width=&#8221;1\/4&#8243;][\/vc_column][vc_column width=&#8221;3\/4&#8243;][\/vc_column][\/vc_row][vc_row][vc_column][\/vc_column][\/vc_row]<\/p>\n","protected":false},"author":5,"featured_media":0,"parent":31869,"menu_order":0,"comment_status":"closed","ping_status":"closed","template":"","meta":{"_acf_changed":false,"footnotes":""},"class_list":["post-69693","page","type-page","status-publish","hentry"],"acf":[],"yoast_head":"<!-- This site is optimized with the Yoast SEO plugin v25.6 - https:\/\/yoast.com\/wordpress\/plugins\/seo\/ -->\n<title>Vidzeme Planning Region Logo - The only way is up! - Vidzemes pl\u0101no\u0161anas re\u0123ions<\/title>\n<meta name=\"description\" content=\"[vc_row][vc_column width=&#8221;1\/4&#8243; css=&#8221;.vc_custom_1732112209713{padding-top: 100px !important;padding-right: 50px !important;}&#8221;][\/vc_column][vc_column width=&#8221;3\/4&#8243; css=&#8221;.vc_custom_1732112265917{margin-left: 50px !important;padding-left: 50px !important;}&#8221;][\/vc_column][\/vc_row][vc_row][vc_column][\/vc_column][\/vc_row][vc_row][vc_column width=&#8221;1\/4&#8243;][\/vc_column][vc_column width=&#8221;3\/4&#8243;][\/vc_column][\/vc_row][vc_row][vc_column][\/vc_column][\/vc_row]\" \/>\n<meta name=\"robots\" content=\"index, follow, max-snippet:-1, max-image-preview:large, max-video-preview:-1\" \/>\n<link rel=\"canonical\" href=\"https:\/\/www.vidzeme.lv\/en\/about-us\/symbolism\/\" \/>\n<meta property=\"og:locale\" content=\"en_US\" \/>\n<meta property=\"og:type\" content=\"article\" \/>\n<meta property=\"og:title\" content=\"Vidzeme Planning Region Logo - The only way is up! - Vidzemes pl\u0101no\u0161anas re\u0123ions\" \/>\n<meta property=\"og:description\" content=\"[vc_row][vc_column width=&#8221;1\/4&#8243; css=&#8221;.vc_custom_1732112209713{padding-top: 100px !important;padding-right: 50px !important;}&#8221;][\/vc_column][vc_column width=&#8221;3\/4&#8243; css=&#8221;.vc_custom_1732112265917{margin-left: 50px !important;padding-left: 50px !important;}&#8221;][\/vc_column][\/vc_row][vc_row][vc_column][\/vc_column][\/vc_row][vc_row][vc_column width=&#8221;1\/4&#8243;][\/vc_column][vc_column width=&#8221;3\/4&#8243;][\/vc_column][\/vc_row][vc_row][vc_column][\/vc_column][\/vc_row]\" \/>\n<meta property=\"og:url\" content=\"https:\/\/www.vidzeme.lv\/en\/about-us\/symbolism\/\" \/>\n<meta property=\"og:site_name\" content=\"Vidzemes pl\u0101no\u0161anas re\u0123ions\" \/>\n<meta property=\"article:modified_time\" content=\"2025-08-11T13:15:15+00:00\" \/>\n<meta name=\"twitter:card\" content=\"summary_large_image\" \/>\n<meta name=\"twitter:label1\" content=\"Est. reading time\" \/>\n\t<meta name=\"twitter:data1\" content=\"2 minutes\" \/>\n<script type=\"application\/ld+json\" class=\"yoast-schema-graph\">{\"@context\":\"https:\/\/schema.org\",\"@graph\":[{\"@type\":\"WebPage\",\"@id\":\"https:\/\/www.vidzeme.lv\/en\/about-us\/symbolism\/\",\"url\":\"https:\/\/www.vidzeme.lv\/en\/about-us\/symbolism\/\",\"name\":\"Vidzeme Planning Region Logo - The only way is up! - Vidzemes pl\u0101no\u0161anas re\u0123ions\",\"isPartOf\":{\"@id\":\"https:\/\/www.vidzeme.lv\/en\/#website\"},\"datePublished\":\"2024-11-16T19:09:24+00:00\",\"dateModified\":\"2025-08-11T13:15:15+00:00\",\"description\":\"[vc_row][vc_column width=&#8221;1\/4&#8243; css=&#8221;.vc_custom_1732112209713{padding-top: 100px !important;padding-right: 50px !important;}&#8221;][\/vc_column][vc_column width=&#8221;3\/4&#8243; css=&#8221;.vc_custom_1732112265917{margin-left: 50px !important;padding-left: 50px !important;}&#8221;][\/vc_column][\/vc_row][vc_row][vc_column][\/vc_column][\/vc_row][vc_row][vc_column width=&#8221;1\/4&#8243;][\/vc_column][vc_column width=&#8221;3\/4&#8243;][\/vc_column][\/vc_row][vc_row][vc_column][\/vc_column][\/vc_row]\",\"breadcrumb\":{\"@id\":\"https:\/\/www.vidzeme.lv\/en\/about-us\/symbolism\/#breadcrumb\"},\"inLanguage\":\"en-US\",\"potentialAction\":[{\"@type\":\"ReadAction\",\"target\":[\"https:\/\/www.vidzeme.lv\/en\/about-us\/symbolism\/\"]}]},{\"@type\":\"BreadcrumbList\",\"@id\":\"https:\/\/www.vidzeme.lv\/en\/about-us\/symbolism\/#breadcrumb\",\"itemListElement\":[{\"@type\":\"ListItem\",\"position\":1,\"name\":\"Home\",\"item\":\"https:\/\/www.vidzeme.lv\/en\/\"},{\"@type\":\"ListItem\",\"position\":2,\"name\":\"About Us\",\"item\":\"https:\/\/www.vidzeme.lv\/en\/about-us\/\"},{\"@type\":\"ListItem\",\"position\":3,\"name\":\"Vidzeme Planning Region Logo &#8211; The only way is up!\"}]},{\"@type\":\"WebSite\",\"@id\":\"https:\/\/www.vidzeme.lv\/en\/#website\",\"url\":\"https:\/\/www.vidzeme.lv\/en\/\",\"name\":\"Vidzeme\",\"description\":\"Vidzemes pl\u0101no\u0161anas re\u0123ions\",\"publisher\":{\"@id\":\"https:\/\/www.vidzeme.lv\/en\/#organization\"},\"potentialAction\":[{\"@type\":\"SearchAction\",\"target\":{\"@type\":\"EntryPoint\",\"urlTemplate\":\"https:\/\/www.vidzeme.lv\/en\/?s={search_term_string}\"},\"query-input\":{\"@type\":\"PropertyValueSpecification\",\"valueRequired\":true,\"valueName\":\"search_term_string\"}}],\"inLanguage\":\"en-US\"},{\"@type\":\"Organization\",\"@id\":\"https:\/\/www.vidzeme.lv\/en\/#organization\",\"name\":\"Vidzemes pl\u0101no\u0161anas re\u0123ions\",\"url\":\"https:\/\/www.vidzeme.lv\/en\/\",\"logo\":{\"@type\":\"ImageObject\",\"inLanguage\":\"en-US\",\"@id\":\"https:\/\/www.vidzeme.lv\/en\/#\/schema\/logo\/image\/\",\"url\":\"https:\/\/www.vidzeme.lv\/wp-content\/uploads\/2023\/05\/logo.png\",\"contentUrl\":\"https:\/\/www.vidzeme.lv\/wp-content\/uploads\/2023\/05\/logo.png\",\"width\":291,\"height\":186,\"caption\":\"Vidzemes pl\u0101no\u0161anas re\u0123ions\"},\"image\":{\"@id\":\"https:\/\/www.vidzeme.lv\/en\/#\/schema\/logo\/image\/\"}}]}<\/script>\n<!-- \/ Yoast SEO plugin. -->","yoast_head_json":{"title":"Vidzeme Planning Region Logo - The only way is up! - Vidzemes pl\u0101no\u0161anas re\u0123ions","description":"[vc_row][vc_column width=&#8221;1\/4&#8243; css=&#8221;.vc_custom_1732112209713{padding-top: 100px !important;padding-right: 50px !important;}&#8221;][\/vc_column][vc_column width=&#8221;3\/4&#8243; css=&#8221;.vc_custom_1732112265917{margin-left: 50px !important;padding-left: 50px !important;}&#8221;][\/vc_column][\/vc_row][vc_row][vc_column][\/vc_column][\/vc_row][vc_row][vc_column width=&#8221;1\/4&#8243;][\/vc_column][vc_column width=&#8221;3\/4&#8243;][\/vc_column][\/vc_row][vc_row][vc_column][\/vc_column][\/vc_row]","robots":{"index":"index","follow":"follow","max-snippet":"max-snippet:-1","max-image-preview":"max-image-preview:large","max-video-preview":"max-video-preview:-1"},"canonical":"https:\/\/www.vidzeme.lv\/en\/about-us\/symbolism\/","og_locale":"en_US","og_type":"article","og_title":"Vidzeme Planning Region Logo - The only way is up! - Vidzemes pl\u0101no\u0161anas re\u0123ions","og_description":"[vc_row][vc_column width=&#8221;1\/4&#8243; css=&#8221;.vc_custom_1732112209713{padding-top: 100px !important;padding-right: 50px !important;}&#8221;][\/vc_column][vc_column width=&#8221;3\/4&#8243; css=&#8221;.vc_custom_1732112265917{margin-left: 50px !important;padding-left: 50px !important;}&#8221;][\/vc_column][\/vc_row][vc_row][vc_column][\/vc_column][\/vc_row][vc_row][vc_column width=&#8221;1\/4&#8243;][\/vc_column][vc_column width=&#8221;3\/4&#8243;][\/vc_column][\/vc_row][vc_row][vc_column][\/vc_column][\/vc_row]","og_url":"https:\/\/www.vidzeme.lv\/en\/about-us\/symbolism\/","og_site_name":"Vidzemes pl\u0101no\u0161anas re\u0123ions","article_modified_time":"2025-08-11T13:15:15+00:00","twitter_card":"summary_large_image","twitter_misc":{"Est. reading time":"2 minutes"},"schema":{"@context":"https:\/\/schema.org","@graph":[{"@type":"WebPage","@id":"https:\/\/www.vidzeme.lv\/en\/about-us\/symbolism\/","url":"https:\/\/www.vidzeme.lv\/en\/about-us\/symbolism\/","name":"Vidzeme Planning Region Logo - The only way is up! - Vidzemes pl\u0101no\u0161anas re\u0123ions","isPartOf":{"@id":"https:\/\/www.vidzeme.lv\/en\/#website"},"datePublished":"2024-11-16T19:09:24+00:00","dateModified":"2025-08-11T13:15:15+00:00","description":"[vc_row][vc_column width=&#8221;1\/4&#8243; css=&#8221;.vc_custom_1732112209713{padding-top: 100px !important;padding-right: 50px !important;}&#8221;][\/vc_column][vc_column width=&#8221;3\/4&#8243; css=&#8221;.vc_custom_1732112265917{margin-left: 50px !important;padding-left: 50px !important;}&#8221;][\/vc_column][\/vc_row][vc_row][vc_column][\/vc_column][\/vc_row][vc_row][vc_column width=&#8221;1\/4&#8243;][\/vc_column][vc_column width=&#8221;3\/4&#8243;][\/vc_column][\/vc_row][vc_row][vc_column][\/vc_column][\/vc_row]","breadcrumb":{"@id":"https:\/\/www.vidzeme.lv\/en\/about-us\/symbolism\/#breadcrumb"},"inLanguage":"en-US","potentialAction":[{"@type":"ReadAction","target":["https:\/\/www.vidzeme.lv\/en\/about-us\/symbolism\/"]}]},{"@type":"BreadcrumbList","@id":"https:\/\/www.vidzeme.lv\/en\/about-us\/symbolism\/#breadcrumb","itemListElement":[{"@type":"ListItem","position":1,"name":"Home","item":"https:\/\/www.vidzeme.lv\/en\/"},{"@type":"ListItem","position":2,"name":"About Us","item":"https:\/\/www.vidzeme.lv\/en\/about-us\/"},{"@type":"ListItem","position":3,"name":"Vidzeme Planning Region Logo &#8211; The only way is up!"}]},{"@type":"WebSite","@id":"https:\/\/www.vidzeme.lv\/en\/#website","url":"https:\/\/www.vidzeme.lv\/en\/","name":"Vidzeme","description":"Vidzemes pl\u0101no\u0161anas re\u0123ions","publisher":{"@id":"https:\/\/www.vidzeme.lv\/en\/#organization"},"potentialAction":[{"@type":"SearchAction","target":{"@type":"EntryPoint","urlTemplate":"https:\/\/www.vidzeme.lv\/en\/?s={search_term_string}"},"query-input":{"@type":"PropertyValueSpecification","valueRequired":true,"valueName":"search_term_string"}}],"inLanguage":"en-US"},{"@type":"Organization","@id":"https:\/\/www.vidzeme.lv\/en\/#organization","name":"Vidzemes pl\u0101no\u0161anas re\u0123ions","url":"https:\/\/www.vidzeme.lv\/en\/","logo":{"@type":"ImageObject","inLanguage":"en-US","@id":"https:\/\/www.vidzeme.lv\/en\/#\/schema\/logo\/image\/","url":"https:\/\/www.vidzeme.lv\/wp-content\/uploads\/2023\/05\/logo.png","contentUrl":"https:\/\/www.vidzeme.lv\/wp-content\/uploads\/2023\/05\/logo.png","width":291,"height":186,"caption":"Vidzemes pl\u0101no\u0161anas re\u0123ions"},"image":{"@id":"https:\/\/www.vidzeme.lv\/en\/#\/schema\/logo\/image\/"}}]}},"_links":{"self":[{"href":"https:\/\/www.vidzeme.lv\/en\/wp-json\/wp\/v2\/pages\/69693","targetHints":{"allow":["GET"]}}],"collection":[{"href":"https:\/\/www.vidzeme.lv\/en\/wp-json\/wp\/v2\/pages"}],"about":[{"href":"https:\/\/www.vidzeme.lv\/en\/wp-json\/wp\/v2\/types\/page"}],"author":[{"embeddable":true,"href":"https:\/\/www.vidzeme.lv\/en\/wp-json\/wp\/v2\/users\/5"}],"replies":[{"embeddable":true,"href":"https:\/\/www.vidzeme.lv\/en\/wp-json\/wp\/v2\/comments?post=69693"}],"version-history":[{"count":6,"href":"https:\/\/www.vidzeme.lv\/en\/wp-json\/wp\/v2\/pages\/69693\/revisions"}],"predecessor-version":[{"id":72244,"href":"https:\/\/www.vidzeme.lv\/en\/wp-json\/wp\/v2\/pages\/69693\/revisions\/72244"}],"up":[{"embeddable":true,"href":"https:\/\/www.vidzeme.lv\/en\/wp-json\/wp\/v2\/pages\/31869"}],"wp:attachment":[{"href":"https:\/\/www.vidzeme.lv\/en\/wp-json\/wp\/v2\/media?parent=69693"}],"curies":[{"name":"wp","href":"https:\/\/api.w.org\/{rel}","templated":true}]}}